{"id":560,"date":"2018-03-29T17:52:10","date_gmt":"2018-03-29T17:52:10","guid":{"rendered":"https:\/\/ftpabmp31.wordpress.com\/?page_id=560"},"modified":"2024-11-02T16:08:45","modified_gmt":"2024-11-02T15:08:45","slug":"interventions-exterieures","status":"publish","type":"page","link":"https:\/\/aboccitanie.fr\/?page_id=560","title":{"rendered":"Interventions ext\u00e9rieures"},"content":{"rendered":"<p>Notre association vous int\u00e9resse, vous rencontrez dans votre \u00e9tablissement des cas de troubles du comportement alimentaire, et vous estimez qu&rsquo;une d\u00e9marche d&rsquo;information serait la bienvenue ?<\/p>\n<p>Nous pouvons intervenir dans vos locaux pour sensibiliser les soignants, les enseignants, les encadrants, les familles et toutes les personnes en lien avec des malades souffrant de Troubles des Conduites Alimentaires (TCA : anorexie mentale, boulimie nerveuse, hyperphagie boulimique)<\/p>\n<p>Intervention aupr\u00e8s des adolescent(e)s \u00e0 r\u00e9fl\u00e9chir.<\/p>\n<p>Vous souhaitez en savoir plus, et conna\u00eetre les modalit\u00e9s d&rsquo;intervention , nous vous invitons \u00e0 nous \u00e9crire pour programmer ensemble une r\u00e9union de sensibilisation dans vos locaux<\/p>\n<p>Courriel : <strong><span style=\"color: #0000ff;\">abopm31@gmail.com<\/span><\/strong><\/p>\n<p style=\"text-align: right;\">\n","protected":false},"excerpt":{"rendered":"<p>Notre association vous int\u00e9resse, vous rencontrez dans votre \u00e9tablissement des cas de troubles du comportement alimentaire, et vous estimez qu&rsquo;une d\u00e9marche d&rsquo;information serait la bienvenue ? Nous pouvons intervenir dans vos locaux pour sensibiliser les soignants, les enseignants, les encadrants,&#8230; <a class=\"more-link\" href=\"https:\/\/aboccitanie.fr\/?page_id=560\">Continue Reading &rarr;<\/a><\/p>\n","protected":false},"author":1,"featured_media":371,"parent":0,"menu_order":0,"comment_status":"closed","ping_status":"closed","template":"","meta":{"footnotes":""},"class_list":["post-560","page","type-page","status-publish","has-post-thumbnail","hentry"],"_links":{"self":[{"href":"https:\/\/aboccitanie.fr\/index.php?rest_route=\/wp\/v2\/pages\/560","targetHints":{"allow":["GET"]}}],"collection":[{"href":"https:\/\/aboccitanie.fr\/index.php?rest_route=\/wp\/v2\/pages"}],"about":[{"href":"https:\/\/aboccitanie.fr\/index.php?rest_route=\/wp\/v2\/types\/page"}],"author":[{"embeddable":true,"href":"https:\/\/aboccitanie.fr\/index.php?rest_route=\/wp\/v2\/users\/1"}],"replies":[{"embeddable":true,"href":"https:\/\/aboccitanie.fr\/index.php?rest_route=%2Fwp%2Fv2%2Fcomments&post=560"}],"version-history":[{"count":4,"href":"https:\/\/aboccitanie.fr\/index.php?rest_route=\/wp\/v2\/pages\/560\/revisions"}],"predecessor-version":[{"id":2292,"href":"https:\/\/aboccitanie.fr\/index.php?rest_route=\/wp\/v2\/pages\/560\/revisions\/2292"}],"wp:featuredmedia":[{"embeddable":true,"href":"https:\/\/aboccitanie.fr\/index.php?rest_route=\/wp\/v2\/media\/371"}],"wp:attachment":[{"href":"https:\/\/aboccitanie.fr\/index.php?rest_route=%2Fwp%2Fv2%2Fmedia&parent=560"}],"curies":[{"name":"wp","href":"https:\/\/api.w.org\/{rel}","templated":true}]}}