{"id":534,"date":"2018-03-29T16:21:30","date_gmt":"2018-03-29T16:21:30","guid":{"rendered":"https:\/\/ftpabmp31.wordpress.com\/?page_id=534"},"modified":"2024-03-27T14:20:56","modified_gmt":"2024-03-27T13:20:56","slug":"rencontres-thematiques","status":"publish","type":"page","link":"https:\/\/aboccitanie.fr\/?page_id=534","title":{"rendered":"Rencontres Th\u00e9matiques"},"content":{"rendered":"<p><strong><span style=\"color: #339966;\">L&rsquo;association organise r\u00e9guli\u00e8rement des rencontres avec un professionnel, autour d&rsquo;un th\u00e8me relatif \u00e0 la compr\u00e9hension ou au soin de l&rsquo;anorexie et de la boulimie.<\/span><\/strong><\/p>\n<p>Notre but est de sensibiliser et d\u2019informer tout public: familles, proches, malades mais aussi professionnels, sur les\u00a0 troubles des conduites alimentaires.<\/p>\n<p style=\"text-align: left;\">Ces rencontres sont <b>sur inscription<\/b>, <strong>gratuites<\/strong> et <strong>ouvertes \u00e0 tous.<\/strong><br \/>\nElles ont lieu <strong>le samedi <\/strong><strong>de 14h30 \u00e0 16H30 <\/strong><strong><br \/>\n<\/strong><\/p>\n<p style=\"text-align: left;\">\u00e0 la<strong> C<\/strong>ommunaut\u00e9 <strong>M<\/strong>unicipale de <strong>S<\/strong>ant\u00e9 &#8211; 2 rue Malbec 31000 TOULOUSE<br \/>\n( pr\u00e8s de la Place de la Daurade)\u00a0 m\u00e9tro Capitole\u00a0 ou Esquirol<\/p>\n<p><span style=\"color: #008080;\"><strong><u>Prochaine Rencontre Th\u00e9matique :<\/u><\/strong><\/span><b><\/b><\/p>\n<p><span style=\"color: #ff0000;\"><strong>Informations \u00e0 venir<\/strong>\u00a0<\/span><\/p>\n<p><strong><u>Rencontres Th\u00e9matiques d\u00e9j\u00e0 pass\u00e9es :<\/u><\/strong><\/p>\n<p><strong>\u00a0 \u00a0 \u00a0 \u00a0 \u00a0 <\/strong><\/p>\n<p><strong>Le 1er f\u00e9vrier 2020\u00a0 &#8211; 14h 30<\/strong><\/p>\n<p><span style=\"color: #000000;\"><strong><em>\u00a0 \u00a0 \u00a0 \u00a0 Les cons\u00e9quences physiques et hormonales des troubles du comportement alimentaire\u00a0\u00bb\u00a0 \u00a0 \u00a0 \u00a0 \u00a0 \u00a0 \u00a0\u00a0<\/em><\/strong><strong>Intervenant : Dr Marc UZAN,\u00a0 endocrinologue et nutritionniste.<\/strong><\/span><\/p>\n<p><strong>\u00a0 \u00a0 \u00a0 \u00a0.\u00a0 \u00a0Le 5 octobre 2019- 14 h 00<\/strong><\/p>\n<ul>\n<li style=\"list-style-type: none;\"><strong><span style=\"font-size: 11pt; line-height: 106%; font-family: 'Tahoma', sans-serif;\">L\u2019approche psychanalytique des TCA\u00a0: un mode sp\u00e9cifique de compr\u00e9hension et de prise en charge th\u00e9rapeutique<br \/>\n<\/span><\/strong><strong>Marie Fontaine<\/strong>, psychologue clinicienne<b>\u00a0<\/b><\/li>\n<li><b>Le jeudi 16 mai 2019 <strong>&#8211; 20 h \u00e0 la s<\/strong><\/b><strong>alle San Subra (m\u00e9tro Saint-Cyprien) 2-4 rue San Subra<\/strong><\/li>\n<\/ul>\n<p><strong>T\u00e9moignages et \u00e9changes de trois anciennes malades<br \/>\n<\/strong><\/p>\n<p>Intervenantes:<strong><br \/>\n<\/strong><strong>Anne-Charlotte Lacroix <\/strong>(auteure de Press\u00e9e de vivre)<br \/>\n<strong>Marie <\/strong><strong>Laure Lenoir<\/strong><br \/>\n<strong>Patricia Filaire<\/strong><\/p>\n<ul>\n<li><b>Le 13 avril 2019 <strong>&#8211; 14h30<\/strong><br \/>\n<\/b><\/li>\n<\/ul>\n<p><strong>L&rsquo;Art-Th\u00e9rapie dans la prise en charge des TCA (troubles du comportement alimentaire)<\/strong><strong>:<br \/>\n<\/strong><strong>un outil essentiel pour se reconnecter \u00e0 soi<\/strong><\/p>\n<p>Intervenantes:<strong><br \/>\n<\/strong><strong>Maryline LAPLAGNE\u00a0 <\/strong>(art-th\u00e9rapeute certifi\u00e9e en Musicoth\u00e9rapie)<br \/>\n<strong>CORINNE VIOLOT <\/strong>(art-th\u00e9rapeute et r\u00e9alisatrice)<br \/>\n<strong>Catherine BUATIER\u00a0<\/strong>(art-th\u00e9rapeute, peintre collagiste, dessinatrice)<\/p>\n<p><span style=\"color: #008080;\"><strong>\u00a0<\/strong><\/span><\/p>\n<ul>\n<li><strong>Le 09 f\u00e9vrier 2018 &#8211; 14h30<\/strong><\/li>\n<\/ul>\n<p><strong>Le Th\u00e9\u00e2tre th\u00e9rapeutique dans le soin pluridisciplinaire des patients atteints de TCA<\/strong><\/p>\n<p>Intervenant:<strong> R\u00e9gis BERNADET<\/strong>, psychologue, Docteur en psychopathologie et Th\u00e9\u00e2tre-Th\u00e9rapeute<\/p>\n<ul>\n<li><strong>Le 06 octobre 2018 &#8211; 14h30<\/strong><\/li>\n<\/ul>\n<p><strong><span style=\"color: #666699;\">La prise en charge des TCA par les Th\u00e9rapies Cognitivo-Comportementales (T.C.C.)<\/span><\/strong><\/p>\n<p>Intervenant:<strong> Docteur Olivier Van Haverbeke<\/strong>, m\u00e9decin nutritionniste<\/p>\n<ul>\n<li><strong>Le 15 septembre 2018 &#8211; 14h30<\/strong><\/li>\n<\/ul>\n<p><strong><span style=\"color: #666699;\">ABO pr\u00e9sente son atelier de gestion du stress, destin\u00e9 aux familles et aux malades, qui d\u00e9butera en octobre 2018<\/span><\/strong><\/p>\n<p>Pr\u00e9sentation par notre animatrice\u00a0<strong>Carine Assemat<\/strong>, sophrologue cayc\u00e9dienne<br \/>\net t\u00e9moignages de deux mamans, <strong>Claire et Anne<\/strong><\/p>\n<ul>\n<li><strong>Le 30 juin 2018<\/strong><\/li>\n<\/ul>\n<p><strong>La Sophrologie, un soutien pour les aidants:<\/strong><br \/>\n\u00ab\u00a0Prendre soin de soi pour bien prendre soin de l&rsquo;Autre\u00a0\u00bb<br \/>\nIntervenante: <strong>Fabienne HOU<\/strong>, sophrologue<\/p>\n<ul>\n<li><strong>Le 08 juin 2018<\/strong><\/li>\n<\/ul>\n<p><strong>Journ\u00e9e Famille \u00ab (R) \u00e9tablir et maintenir les liens \u00bb<\/strong><\/p>\n<p><em>Objectifs<\/em><em> de cette Journ\u00e9e :<\/em><br \/>\nCroisement des pratiques et des connaissances des sp\u00e9cialistes des TCA<br \/>\nD\u00e9veloppement des partenariats<br \/>\nAm\u00e9lioration dans l&rsquo;accompagnement des familles : mise en lien des professionnels et des associations<\/p>\n<p><a href=\"https:\/\/aboccitanie.fr\/wp-content\/uploads\/2018\/06\/Programme-JF-8-juin-2018.docx1851.pdf\">Voir le programme<\/a><\/p>\n<ul>\n<li><b><strong>Le 14 avril 2018<\/strong><\/b><\/li>\n<\/ul>\n<p><strong>Psychog\u00e9n\u00e9alogie et constellations familiales :<br \/>\nde pr\u00e9cieux outils th\u00e9rapeutiques face \u00e0 l&rsquo;anorexie-boulimie<br \/>\n<\/strong>Intervenante: <strong>Marie-Genevi\u00e8ve Thomas<\/strong>, psychologue<\/p>\n<ul>\n<li><strong><u>24 mars 2018<\/u><\/strong><\/li>\n<\/ul>\n<p><strong>\u00ab Autorit\u00e9 et libert\u00e9 \u00bb Les difficult\u00e9s des parents d\u2019enfants souffrant de T.C.A aujourd\u2019hui.<\/strong><\/p>\n<p>Intervenantes: <strong>Sylvie Sanchez-Oliver<\/strong>, professeure de Philosophie et <strong>Raquel Sanchez-Rodriguez<\/strong>, Psychologue clinicienne doctorante.<\/p>\n<p>Mod\u00e9ratrice : <strong>Ma\u00eft\u00e9 Jarrige<\/strong>, Psychologue clinicienne et Art-th\u00e9rapeute<\/p>\n<ul>\n<li><strong><u>10 f\u00e9vrier 2018<\/u><\/strong><\/li>\n<\/ul>\n<p><strong><em>\u00ab\u00a0Les cons\u00e9quences physiques et hormonales des troubles du comportement alimentaire\u00a0\u00bb <\/em><\/strong><strong>Intervenant : Dr Marc UZAN,\u00a0 endocrinologue et nutritionniste.<\/strong><\/p>\n<ul>\n<li><strong><u>13 janvier 2018<\/u><\/strong><\/li>\n<\/ul>\n<p><strong>Projection d&rsquo;un documentaire \u00a0\u00bb Un soutien aux repas efficace\u00a0\u00bb Guide pour les familles et les proches.<\/strong><\/p>\n<p>Suivie d&rsquo;une discussion avec le public en pr\u00e9sence de Marie Fontaine, psychologue, et de parents de l&rsquo;ABMP<\/p>\n<ul>\n<li><strong><u>18 novembre<\/u><\/strong><strong><em>\u00a0\u00a0\u00a0\u00a0\u00a0\u00a0\u00a0\u00a0\u00a0\u00a0\u00a0\u00a0\u00a0\u00a0\u00a0\u00a0\u00a0 <\/em><\/strong><\/li>\n<\/ul>\n<p><strong><em>\u201cNotre habitat, quels enjeux psychiques ?\u201d<\/em><\/strong><\/p>\n<p><em>\u00ab\u00a0Expos\u00e9 des r\u00e9sultats d\u2019une recherche universitaire men\u00e9e avec le Professeur Jean-Luc Sudres et particuli\u00e8rement soutenue par les contributions des membres d\u2019ABMP. <\/em><\/p>\n<p><strong><em>\u00a0<\/em><\/strong>Intervenante: Mme V\u00e9ronique De Lagausie, psychologue et art- th\u00e9rapeute<\/p>\n<ul>\n<li><strong><u>12 octobre 2017 <\/u><\/strong><\/li>\n<\/ul>\n<p>en partenariat avec la soci\u00e9t\u00e9 Spider World cin\u00e9ma (soci\u00e9t\u00e9 toulousaine)<\/p>\n<p><strong><em>Le film \u00ab Je m\u2019appelle Chlo\u00e9, j\u2019ai 25 ans\u00a0 et je ne veux pas mourir \u00bb<\/em><\/strong><\/p>\n<p>A l\u2019issue de cette projection, une soir\u00e9e d\u00e9bat sera anim\u00e9e par des professionnels (psychiatre, psychologue, des b\u00e9n\u00e9voles\u00a0 de l\u2019ABMP) ainsi que par le r\u00e9alisateur Thierry Obadia, la Directrice G\u00e9n\u00e9rale Laurence Larrousset et Julie Mathonni\u00e8re qui est \u00e0 l&rsquo;origine du projet du film.<\/p>\n<p><strong><em>\u00a0 <\/em><\/strong><\/p>\n<ul>\n<li><strong><u>Samedi 10 juin 2017 <\/u><\/strong><\/li>\n<\/ul>\n<p>Projection -d\u00e9bat, avec <strong>Marie Fontaine<\/strong>, psychologue, autour d&rsquo;une \u00e9mission de France 2, Mille et une vie sur le th\u00e8me :<\/p>\n<p><strong><em>\u00a0<\/em><\/strong><strong><em>\u00ab\u00a0anorexie\/boulimie, comment s&rsquo;en sortir? avec les t\u00e9moignages de Dorian, Barbara et Val\u00e9rie\u00a0\u00bb<\/em><\/strong><\/p>\n<p><strong><em>\u00a0 <\/em><\/strong><\/p>\n<ul>\n<li><strong><u>Jeudi 23 mars, dans le cadre de la SISM\u00a0<\/u><\/strong><\/li>\n<\/ul>\n<p><strong><em>\u00a0\u00a0\u00a0\u00a0 <\/em><\/strong><strong><em>\u00ab Travail et Troubles du Comportement Alimentaire (TCA) \u00bb<\/em><\/strong> Intervenant : Pr Jean-Luc Sudres,\u00a0 Docteur en Psychologie, psychomotricien, art-th\u00e9rapeute, cr\u00e9ateur et directeur du DU d&rsquo;art- th\u00e9rapie (Universit\u00e9 Toulouse le Mirail)<\/p>\n<ul>\n<li><strong><u>4 mars 2017 <\/u><\/strong><\/li>\n<\/ul>\n<p><strong><em>\u00ab\u00a0Les cons\u00e9quences endocriniennes et m\u00e9taboliques des troubles du comportement alimentaire (TCA) , anorexie, boulimie, hyperphagie\u00a0\u00bb<\/em><\/strong><\/p>\n<p>Intervenant : Dr Marc UZAN, m\u00e9decin sp\u00e9cialiste en nutrition et endocrinologie<\/p>\n<ul>\n<li><strong><u>7 janvier 2017<\/u><\/strong><\/li>\n<\/ul>\n<p><strong><em>\u00ab\u00a0Pourquoi les personnes anorexiques et\/ou boulimiques ont-elles des difficult\u00e9s \u00e0 r\u00eaver leur gu\u00e9rison\u00a0\u00bb Tout ce qui emp\u00eache les personnes souffrant de TCA \u00e0 \u00ab\u00a0r\u00eaver\u00a0\u00bb la gu\u00e9rison.\u00a0<\/em><\/strong><\/p>\n<p>Evocation de t\u00e9moignages\u00a0 de personnes qui se consid\u00e8rent aujourd&rsquo;hui comme r\u00e9tablies<\/p>\n<p>Intervenante : Ma\u00eft\u00e9 JARRIGE Doctorante charg\u00e9e de cours (laboratoire CERPPS, UT2J) Administratrice de l&rsquo;YMCA Colomiers.<\/p>\n<ul>\n<li><strong><u>3 d\u00e9cembre 2016<\/u><\/strong><\/li>\n<\/ul>\n<p><strong><em>\u00ab\u00a0Echange libre autour des troubles du comportement alimentaire\u00a0\u00bb<\/em><\/strong><\/p>\n<p><strong><em>\u00ab\u00a0Parole ouverte pour chacun\u00a0\u00bb<\/em><\/strong><\/p>\n<p>Intervenante : Dr Marie-France Moles, neuropsychiatre<\/p>\n<ul>\n<li><strong><u>12 novembre 2016<\/u><\/strong><\/li>\n<\/ul>\n<p><strong><em>\u00ab\u00a0Ecrire bien, crier, pleurer les mots, cr\u00e9er et se re-cr\u00e9er : les ateliers d&rsquo;\u00e9criture et l&rsquo;importance de l&rsquo;\u00e9criture pour des personnes souffrant de TCA\u00a0\u00bb<\/em><\/strong><\/p>\n<p>Intervenante : Mme Nathalie Marty-Aoustin<\/p>\n<ul>\n<li><strong><u>18 juin 2016<\/u><\/strong><\/li>\n<\/ul>\n<p><strong><em>\u00ab\u00a0Echange sur les vacances en famille et la gestion des repas\u00a0\u00bb<\/em><\/strong><\/p>\n<p>Intervenante : Marie Fontaine, psychologue<\/p>\n<ul>\n<li><strong><em>Samedi 21 mai 2016 :<\/em><\/strong><\/li>\n<\/ul>\n<p><strong><em>\u00a0\u00a0 \u00ab\u00a0L&rsquo;histoire des parents de jeunes confront\u00e9s \u00e0 l&rsquo;anorexie et\/ou la boulimie\u00a0\u00bb<\/em><\/strong><\/p>\n<p><strong><em>Intervenante : Mme Kati VARGA, psychologue, psychanalyste, membre du Groupe Toulousain de la Soci\u00e9t\u00e9 Psychanalytique de Paris, charg\u00e9e de cours \u00e0 la Facult\u00e9 de m\u00e9decine de Toulouse- Rangueil<\/em><\/strong><\/p>\n<p><strong><em>Auteur de : \u00ab\u00a0L&rsquo;adolescent violent et sa famille. Psychoth\u00e9rapie des liens de d\u00e9pendance\u00a0\u00bb et \u00ab\u00a0L&rsquo;adolescent difficile et ses parents\u00a0\u00bb<\/em><\/strong><\/p>\n<p><strong><em>\u00a0 <\/em><\/strong><\/p>\n<p><strong><em>Samedi 19 mars 2016 Conf\u00e9rence d\u00e9bat dans le cadre de la SISM \u00ab\u00a0L&rsquo;anorexie dans un jardin th\u00e9rapeutique\u00a0\u00bb Fonctions et b\u00e9n\u00e9fices que les personnes en proie \u00e0 des TCA peuvent retirer d&rsquo;une approche par ces pratiques Intervenants : Pr Jean-Luc Sudres, Dr en psychologie, reponsable p\u00e9dagogique du DU d&rsquo;art-th\u00e9rapie \u00e0 l&rsquo;universit\u00e9 Toulouse Jean-Jaur\u00e8s et Emilie Kihal\u00a0\u00a0\u00a0\u00a0 <\/em><\/strong><\/p>\n<p><strong><em>Samedi 13 f\u00e9vrier 2016 \u00ab\u00a0Les cons\u00e9quences endocriniennes et m\u00e9taboliques de l&rsquo;anorexie et\/ou de la boulimie\u00a0\u00bb Intervenant : Dr Marc Uzan, endocrinologue et nutritionniste\u00a0\u00a0\u00a0\u00a0\u00a0 <\/em><\/strong><\/p>\n<p><strong><em>Samedi 10 octobre 2015 \u00ab\u00a0Anorexie boulimie et \u00e9criture de soi\u00a0\u00bb L&rsquo;\u00e9criture est-elle un auto-soin ? Intervenante : Ma\u00eft\u00e9 JARRIGE, psychologue clinicienne, art- th\u00e9rapeute, doctorante en psychopathologie, laboratoire CERPP Toulouse (UT2)<\/em><\/strong><\/p>\n<p><strong><em>Samedi 21\u00a0 Mars 2015\u00a0\u00a0\u00a0\u00a0\u00a0 Rencontre Th\u00e9matique dans le cadre de la SISM\u00a0 \u00ab\u00a0ADOS d&rsquo;HIER,\u00a0 A&rsquo; DOS d&rsquo;aujourd&rsquo;hui \u00a0\u00bb Intervenant : Pr JL Sudres, Dr en psychologie, Art th\u00e9rapeute<\/em><\/strong><\/p>\n<p><strong><em>Samedi 21 F\u00e9vrier 2015 \u00ab\u00a0Les cons\u00e9quences endocriniennes et m\u00e9taboliques de l&rsquo;anorexie et\/ou de la boulimie\u00a0\u00bb Intervenant : Dr Marc Uzan, endocrinologue et nutritionniste<\/em><\/strong><\/p>\n<p><strong><em>Samedi 10 janvier 2015 \u00ab\u00a0La prise en charge des Troubles du Comportement Alimentaire par les Th\u00e9rapies Cognitivo Comportementales\u00a0\u00bb Partie 2 de la conf\u00e9rence du 17 mai Intervenant : Dr Van Haverbeke, nutritionniste<\/em><\/strong><\/p>\n<p><strong><em>Samedi 6 d\u00e9cembre 2014\u00a0\u00a0\u00a0\u00a0\u00a0\u00a0\u00a0\u00a0\u00a0\u00a0\u00a0\u00a0\u00a0\u00a0\u00a0\u00a0\u00a0\u00a0\u00a0\u00a0\u00a0\u00a0\u00a0\u00a0\u00a0\u00a0\u00a0\u00a0\u00a0\u00a0\u00a0\u00a0\u00a0\u00a0\u00a0\u00a0\u00a0\u00a0\u00a0\u00a0\u00a0\u00a0\u00a0\u00a0\u00a0\u00a0\u00a0\u00a0\u00a0\u00a0\u00a0\u00a0\u00a0\u00a0\u00a0\u00a0\u00a0\u00a0\u00a0\u00a0\u00a0 \u00a0\u00bb Echange libre autour des troubles du\u00a0 comportement alimentaire\u00a0\u00bb Intervenante : Dr Moles, neuropsychiatre<\/em><\/strong><\/p>\n<p><strong><em>Samedi 17 mai 2014 \u00ab\u00a0La prise en charge des troubles de l&rsquo;alimentation par les th\u00e9rapies cognitivo-comportementales\u00a0\u00bb Intervenant : Docteur Olivier Van Haverbeke, nutritionniste <\/em><\/strong><\/p>\n<ul>\n<li><b><strong><u>Samedi 05 avril\u00a0 2014 <\/u><\/strong><\/b><strong><em>\u00ab\u00a0Psychog\u00e9n\u00e9alogie et constellations familiales: de pr\u00e9cieux outils th\u00e9rapeutiques face \u00e0 l&rsquo;anorexie-boulimie\u00a0\u00bb<\/em><\/strong> <strong>Intervenante : Marie-Genevi\u00e8veTHOMAS, <\/strong>psychologue<\/li>\n<li><b><strong><u>Samedi 01 f\u00e9vrier 2014 <\/u><\/strong><\/b><strong>T\u00e9moignage de Marie-Jos\u00e9, maman d&rsquo;un gar\u00e7on ayant souffert d&rsquo;anorexie<\/strong><\/li>\n<\/ul>\n<ul>\n<li><b><strong><u>Samedi 11 janvier 2014 <\/u><\/strong><\/b><strong>\u00ab\u00a0Rencontre avec Fabienne et Audrey, t\u00e9moignages pour mieux comprendre l&rsquo;anorexie\u00a0\u00bb<\/strong><\/li>\n<\/ul>\n<ul>\n<li><b><strong><u>Samedi 7 d\u00e9cembre 2013 <\/u><\/strong><\/b><strong><em>\u00ab\u00a0Le r\u00f4le du p\u00e8re aupr\u00e8s du malade d&rsquo;anorexie\/ boulimie\u00a0\u00bb <\/em><\/strong><strong>Intervenante : Docteur Marie-France MOLES, psychiatre <\/strong><strong><u>Samedi 5 octobre 2013 <\/u><\/strong><strong><em>\u00ab\u00a0Le Groupe d&rsquo;Entraide Mutuelle, un accompagnement pour rompre l&rsquo;isolement\u00a0\u00bb <\/em><\/strong><strong>Intervenant : Jean-Michel Rouzic, pr\u00e9sident du GEM \u00ab\u00a0Bon Pied Bon Oeil\u00a0\u00bb<\/strong><\/li>\n<\/ul>\n<ul>\n<li><b><strong>Samedi 7 septembre 2013:<\/strong><\/b><\/li>\n<\/ul>\n<p><strong>\u00a0Marc BAUCHET, <\/strong>th\u00e9rapeute familial, association \u00ab\u00a0Du couple \u00e0 la famille\u00a0\u00bb :<\/p>\n<p><strong>\u00ab\u00a0Pr\u00e9sentation de la th\u00e9rapie familiale\u00a0\u00bb<\/strong><\/p>\n<ul>\n<li><b><strong>du 01 juin 2013:<\/strong><\/b><\/li>\n<\/ul>\n<p><strong>Gabrielle KIERAN, <\/strong>psychoth\u00e9rapeute :<\/p>\n<p><strong>\u00a0\u00bb La famille face \u00e0 l&rsquo;anorexie-boulimie\u00a0\u00bb<\/strong><\/p>\n<ul>\n<li><b><strong>du 6 avril 2013 : <\/strong><\/b><\/li>\n<\/ul>\n<p><strong>Dr Marc UZAN, <\/strong>endocrinologue\u00a0 :<\/p>\n<p><strong>\u00ab\u00a0Les cons\u00e9quences endocriniennes et m\u00e9taboliques <\/strong><\/p>\n<p><strong>de l&rsquo;anorexie-boulimie<\/strong><\/p>\n<ul>\n<li><b><strong>du 15 mars au 23 mars 2013<\/strong><\/b><\/li>\n<\/ul>\n<p><strong>SEMAINE\u00a0 DE\u00a0 LA\u00a0 SANTE\u00a0 MENTALE <\/strong><a href=\"https:\/\/abmp31.fr\/organisations.html\"><strong><u>(programme complet)<\/u><\/strong><\/a><\/p>\n<ul>\n<li><b><strong>Samedi 5 janvier 2013 : <\/strong><\/b><\/li>\n<\/ul>\n<p>T\u00e9moignage de<strong> C\u00e9line<\/strong>, ancienne malade :<strong>\u00ab\u00a0Moi et mon anorexie\u00a0\u00bb<\/strong><\/p>\n<ul>\n<li><b><strong>Samedi 9 f\u00e9vrier 2013 : <\/strong><\/b><\/li>\n<\/ul>\n<p><strong>Elisa LAPORTE, <\/strong>psychologue\u00a0 :<\/p>\n<p><strong>\u00ab\u00a0Communication familiale, comment l&rsquo;am\u00e9liorer?\u00a0\u00bb<\/strong><\/p>\n<ul>\n<li><b><strong>Samedi 1er d\u00e9cembre 2012 : <\/strong><\/b><\/li>\n<\/ul>\n<p><strong>Marie FONTAINE, <\/strong>psychologue\u00a0 :<\/p>\n<p><strong>L&rsquo;approche psychanalytique des Troubles du Comportement Alimentaire: un mode sp\u00e9cifique de compr\u00e9hension et de prise en charge th\u00e9rapeutique<\/strong><\/p>\n<ul>\n<li><b><strong>Samedi 6 octobre 2012<\/strong><\/b><\/li>\n<\/ul>\n<p>H\u00f4tel de R\u00e9gion \u00e0 TOULOUSE<strong>: 4\u00e8me congr\u00e8s r\u00e9gional \u00ab\u00a0Boulimies\u00a0\u00bb<\/strong><\/p>\n<ul>\n<li><b><strong>Samedi 1er septembre 2012<\/strong><\/b><\/li>\n<\/ul>\n<p><strong>Echange et communication sur les difficult\u00e9s \u00e0 comprendre l&rsquo;anorexie et la boulimie avec le film \u00ab\u00a0<\/strong><a href=\"https:\/\/abmp31.fr\/2_2d_rencontres_thematiques\/aide_aux_repas_marie_fontaine_sept2012.pdf\"><strong><u>L&rsquo;aide aux repas<\/u><\/strong><\/a><strong>\u00a0\u00bb et les livres sp\u00e9cialis\u00e9s <\/strong><\/p>\n","protected":false},"excerpt":{"rendered":"<p>L&rsquo;association organise r\u00e9guli\u00e8rement des rencontres avec un professionnel, autour d&rsquo;un th\u00e8me relatif \u00e0 la compr\u00e9hension ou au soin de l&rsquo;anorexie et de la boulimie. Notre but est de sensibiliser et d\u2019informer tout public: familles, proches, malades mais aussi professionnels, sur&#8230; <a class=\"more-link\" href=\"https:\/\/aboccitanie.fr\/?page_id=534\">Continue Reading &rarr;<\/a><\/p>\n","protected":false},"author":1,"featured_media":605,"parent":0,"menu_order":0,"comment_status":"closed","ping_status":"closed","template":"","meta":{"footnotes":""},"class_list":["post-534","page","type-page","status-publish","has-post-thumbnail","hentry"],"_links":{"self":[{"href":"https:\/\/aboccitanie.fr\/index.php?rest_route=\/wp\/v2\/pages\/534","targetHints":{"allow":["GET"]}}],"collection":[{"href":"https:\/\/aboccitanie.fr\/index.php?rest_route=\/wp\/v2\/pages"}],"about":[{"href":"https:\/\/aboccitanie.fr\/index.php?rest_route=\/wp\/v2\/types\/page"}],"author":[{"embeddable":true,"href":"https:\/\/aboccitanie.fr\/index.php?rest_route=\/wp\/v2\/users\/1"}],"replies":[{"embeddable":true,"href":"https:\/\/aboccitanie.fr\/index.php?rest_route=%2Fwp%2Fv2%2Fcomments&post=534"}],"version-history":[{"count":41,"href":"https:\/\/aboccitanie.fr\/index.php?rest_route=\/wp\/v2\/pages\/534\/revisions"}],"predecessor-version":[{"id":2078,"href":"https:\/\/aboccitanie.fr\/index.php?rest_route=\/wp\/v2\/pages\/534\/revisions\/2078"}],"wp:featuredmedia":[{"embeddable":true,"href":"https:\/\/aboccitanie.fr\/index.php?rest_route=\/wp\/v2\/media\/605"}],"wp:attachment":[{"href":"https:\/\/aboccitanie.fr\/index.php?rest_route=%2Fwp%2Fv2%2Fmedia&parent=534"}],"curies":[{"name":"wp","href":"https:\/\/api.w.org\/{rel}","templated":true}]}}