{"id":504,"date":"2018-03-29T08:22:32","date_gmt":"2018-03-29T08:22:32","guid":{"rendered":"https:\/\/ftpabmp31.wordpress.com\/?page_id=504"},"modified":"2018-09-18T12:53:29","modified_gmt":"2018-09-18T10:53:29","slug":"anorexie","status":"publish","type":"page","link":"https:\/\/aboccitanie.fr\/?page_id=504","title":{"rendered":"Anorexie"},"content":{"rendered":"<h1><\/h1>\n<h3><span style=\"color: #339966;\">L&rsquo;anorexie, c&rsquo;est quoi ?<\/span><\/h3>\n<p>L&rsquo;anorexie la plus classique est celle de la jeune fille entre 14 et 18 ans. Mais il existe des anorexies mentales pr\u00e9-pub\u00e8res qui surviennent donc avant l&rsquo;apparition des premi\u00e8res r\u00e8gles. Cette pathologie peut aussi d\u00e9buter \u00e0 l&rsquo;\u00e2ge adulte. Enfin dans 10% des cas, elle touche le gar\u00e7on, qui sera plus particuli\u00e8rement pr\u00e9occup\u00e9 par l&rsquo;apparence des muscles.<\/p>\n<p>Pour faire le diagnostic d&rsquo;anorexie mentale, on recherche essentiellement quatre crit\u00e8res\u00a0:<\/p>\n<ul>\n<li>Un <strong>amaigrissement <\/strong>de plus de 15% du poids initial et\/ou un index de masse corporelle (p\/T2) inf\u00e9rieur \u00e0 17,5<\/li>\n<\/ul>\n<ul>\n<li>Une anorexie, une\u00a0 \u00ab\u00a0<strong>perte de l&rsquo;app\u00e9tit<\/strong>\u00a0\u00bb qui se traduit plut\u00f4t ici par une lutte active contre la faim et un \u00e9vitement de tous \u00ab\u00a0les aliments qui\u00a0font grossir\u00a0\u00bb, fr\u00e9quemment associ\u00e9e \u00e0 d&rsquo;autres manifestations qui ont toutes pour but de perdre du poids (vomissements provoqu\u00e9s, hyperactivit\u00e9 physique, utilisation de m\u00e9dicaments, etc&#8230;)<\/li>\n<\/ul>\n<ul>\n<li>\n<div>Une <strong>am\u00e9norrh\u00e9e,<\/strong> c&rsquo;est-\u00e0-dire disparition (ou non-apparition pour les patientes pr\u00e9-pub\u00e8res) de r\u00e8gles. C&rsquo;est un trouble endocrinien que l&rsquo;on retrouve chez les gar\u00e7ons sous forme d&rsquo;un d\u00e9sint\u00e9r\u00eat sexuel associ\u00e9 \u00e0 une impuissance.<\/div>\n<\/li>\n<li>\n<div>Une <strong>perturbation de l&rsquo;image corporelle<\/strong> (dysmorphophobie), o\u00f9 l&rsquo;on ne per\u00e7oit plus sa propre maigreur, associ\u00e9e \u00e0 une obsession et une peur panique de grossir.<\/div>\n<\/li>\n<\/ul>\n<p>En dehors de ces quatre signes cardinaux, on retrouve tr\u00e8s fr\u00e9quemment d&rsquo;autres sympt\u00f4mes\u00a0:<\/p>\n<ul>\n<li>\n<div>Ce sont des jeunes filles <strong>entre 14 et 18 ans<\/strong> (les gar\u00e7ons repr\u00e9sentent moins de 15% des anorexiques)<\/div>\n<\/li>\n<li>\n<div>Avec souvent de <strong>tr\u00e8s bons r\u00e9sultats scolaires<\/strong><\/div>\n<\/li>\n<li>\n<div>On note un certain <strong>d\u00e9sint\u00e9r\u00eat pour les questions relationnelles<\/strong> (amicales et amoureuses)<\/div>\n<\/li>\n<li>\n<div>La <strong>famille<\/strong> est au contraire <strong>surinvestie<\/strong><\/div>\n<\/li>\n<li>Au d\u00e9but, ils <strong>ne se sentent pas malades<\/strong> et c&rsquo;est souvent la famille qui demande la consultation.<\/li>\n<\/ul>\n<h3><\/h3>\n<h3><span style=\"color: #339966;\">L&rsquo;anorexie, pourquoi ?<\/span><\/h3>\n<p>L&rsquo;anorexie mentale d\u00e9bute souvent \u00e0 la suite d&rsquo;un <strong>\u00e9v\u00e8nement \u00e0 connotation de rupture<\/strong>. L&rsquo;adolescence est une p\u00e9riode de transition avec les attaches affectives tr\u00e8s fortes de l&rsquo;enfance. La pubert\u00e9 avec la sexualisation de la relation rend n\u00e9cessaire une certaine mise \u00e0 distance de ces liens de d\u00e9pendance. Peuvent resurgir alors, comme des r\u00e9miniscences, les <strong>difficult\u00e9s rencontr\u00e9es dans l&rsquo;enfance<\/strong>.<\/p>\n<p>Cette <strong>rupture affective<\/strong> (d&rsquo;un lien amoureux, d&rsquo;une amiti\u00e9 forte, d&rsquo;une s\u00e9paration dans la fratrie) vient concr\u00e9tiser soudainement le malaise. D\u00e9pass\u00e9e par ses \u00e9motions qui la pr\u00e9cipitent dans une tourmente vertigineuse, celle-ci en vient \u00e0 d\u00e9placer ses pr\u00e9occupations. L&rsquo;\u00e9v\u00e9nement traumatique douloureux est \u00e9lud\u00e9 au profit d&rsquo;une <strong>sc\u00e8ne corporelle<\/strong>. Le r\u00e9gime et la nourriture deviennent alors la principale pr\u00e9occupation de la personne touch\u00e9e. Voyant qu&rsquo;elle peut arriver \u00e0 contr\u00f4ler son alimentation, elle a l&rsquo;illusion d&rsquo;avoir retrouv\u00e9 une certaine ma\u00eetrise et s&rsquo;engouffre alors dans la <strong>spirale anorexique<\/strong>.<\/p>\n<p>[d\u00e9finition extraite du site Internet de l&rsquo;AFDAS-TCA]<\/p>\n","protected":false},"excerpt":{"rendered":"<p>L&rsquo;anorexie, c&rsquo;est quoi ? L&rsquo;anorexie la plus classique est celle de la jeune fille entre 14 et 18 ans. Mais il existe des anorexies mentales pr\u00e9-pub\u00e8res qui surviennent donc avant l&rsquo;apparition des premi\u00e8res r\u00e8gles. Cette pathologie peut aussi d\u00e9buter \u00e0&#8230; <a class=\"more-link\" href=\"https:\/\/aboccitanie.fr\/?page_id=504\">Continue Reading &rarr;<\/a><\/p>\n","protected":false},"author":1,"featured_media":812,"parent":0,"menu_order":0,"comment_status":"closed","ping_status":"closed","template":"","meta":{"footnotes":""},"class_list":["post-504","page","type-page","status-publish","has-post-thumbnail","hentry"],"_links":{"self":[{"href":"https:\/\/aboccitanie.fr\/index.php?rest_route=\/wp\/v2\/pages\/504","targetHints":{"allow":["GET"]}}],"collection":[{"href":"https:\/\/aboccitanie.fr\/index.php?rest_route=\/wp\/v2\/pages"}],"about":[{"href":"https:\/\/aboccitanie.fr\/index.php?rest_route=\/wp\/v2\/types\/page"}],"author":[{"embeddable":true,"href":"https:\/\/aboccitanie.fr\/index.php?rest_route=\/wp\/v2\/users\/1"}],"replies":[{"embeddable":true,"href":"https:\/\/aboccitanie.fr\/index.php?rest_route=%2Fwp%2Fv2%2Fcomments&post=504"}],"version-history":[{"count":1,"href":"https:\/\/aboccitanie.fr\/index.php?rest_route=\/wp\/v2\/pages\/504\/revisions"}],"predecessor-version":[{"id":1324,"href":"https:\/\/aboccitanie.fr\/index.php?rest_route=\/wp\/v2\/pages\/504\/revisions\/1324"}],"wp:featuredmedia":[{"embeddable":true,"href":"https:\/\/aboccitanie.fr\/index.php?rest_route=\/wp\/v2\/media\/812"}],"wp:attachment":[{"href":"https:\/\/aboccitanie.fr\/index.php?rest_route=%2Fwp%2Fv2%2Fmedia&parent=504"}],"curies":[{"name":"wp","href":"https:\/\/api.w.org\/{rel}","templated":true}]}}