{"id":452,"date":"2018-03-27T20:08:07","date_gmt":"2018-03-27T20:08:07","guid":{"rendered":"https:\/\/ftpabmp31.wordpress.com\/?page_id=452"},"modified":"2025-01-22T17:38:03","modified_gmt":"2025-01-22T16:38:03","slug":"faire-un-don-adherer","status":"publish","type":"page","link":"https:\/\/aboccitanie.fr\/?page_id=452","title":{"rendered":"Adh\u00e9rer &#8211; Faire un don"},"content":{"rendered":"<h4 style=\"text-align: left;\" align=\"left\"><strong><span style=\"color: #339966;\"><span style=\"font-family: Arial;\">Notre association est une association de b\u00e9n\u00e9voles, reconnue d&rsquo;int\u00e9r\u00eat g\u00e9n\u00e9ral. <\/span><\/span><\/strong><\/h4>\n<h4 style=\"text-align: left;\" align=\"left\"><strong><span style=\"color: #339966;\"><span style=\"font-family: Arial;\">Son but\u00a0:<\/span><\/span><\/strong><\/h4>\n<ul>\n<li><span style=\"font-family: Arial;\">Aider et soutenir les personnes souffrant de Troubles du Comportement Alimentaire (anorexie, boulimie, hyperphagie&#8230;) ainsi que leurs familles et leurs proches.<br \/>\n<\/span><\/li>\n<li><span style=\"font-family: Arial;\">Apporter pr\u00e9sence, \u00e9coute, orientation, soutien et accompagnement<\/span><\/li>\n<li><span style=\"font-family: Arial;\">Sensibiliser et informer tout public<br \/>\n<\/span><\/li>\n<\/ul>\n<h4><span style=\"color: #339966;\"><span style=\"font-family: Arial;\"><b>Pourquoi soutenir financi\u00e8rement\u00a0<\/b><\/span><span style=\"font-family: Arial;\"><b>Anorexie Boulimie Occitanie?<\/b><\/span><\/span><span style=\"font-family: Arial;\"><b>\u00a0<\/b><\/span><\/h4>\n<div align=\"left\"><span style=\"font-family: Arial;\"><b>A quoi sert une adh\u00e9sion, un don ?<\/b><\/span><\/div>\n<div align=\"left\"><span style=\"font-family: Arial;\"><b>\u00a0<\/b><\/span><\/div>\n<div align=\"left\"><span style=\"font-family: Arial;\">Adh\u00e9rer \u00e0 l\u2019association Anorexie Boulimie Occitanie, c\u2019est\u00a0 :<\/span><\/div>\n<ul>\n<li><span style=\"font-family: Arial;\">Prendre part \u00e0 une m\u00eame cause, celle \u00e0 laquelle vous \u00eates directement li\u00e9, vous-m\u00eame ou l\u2019un de vos proches.<br \/>\n<\/span><\/li>\n<li><span style=\"font-family: Arial;\">Agir ensemble pour faire entendre nos voix, obtenir des financements, intensifier l\u2019ouverture de centres de soins adapt\u00e9s aux pathologies pour lesquelles nous nous battons.<\/span><\/li>\n<li><span style=\"font-family: Arial;\">C\u2019est aussi, pour vous adh\u00e9rents, la possibilit\u00e9 de rejoindre des personnes qui, comme vous, sont touch\u00e9es par cette maladie, et ne plus \u00eatre seul(e)s.<\/span><span style=\"font-family: Times\\New\\Roman; font-size: large;\"><br \/>\n<\/span><\/li>\n<\/ul>\n<div>\n<p><span style=\"font-family: Arial;\"><b>Pour nous aider, adh\u00e9rer ou faire un don, t\u00e9l\u00e9chargez le coupon en cliquant sur le lien ci-dessous<\/b><\/span><\/p>\n<\/div>\n<div>\n<p style=\"text-align: center;\"><strong><span style=\"color: #0000ff;\"><a style=\"color: #0000ff;\" href=\"https:\/\/aboccitanie.fr\/wp-content\/uploads\/2025\/01\/Feuille-dadhesion-2025-1.pdf\">Feuille d&rsquo;adh\u00e9sion 2025<\/a><\/span><\/strong><\/p>\n<\/div>\n<div>\n<p><span style=\"font-family: Arial;\"><b>Nous vous remercions pour votre implication et votre soutien.<\/b><\/span><\/p>\n<p><span style=\"color: #ff0000;\"><span style=\"text-decoration: underline;\"><em><strong>Nota<\/strong> <\/em><\/span>: D\u00e9duction fiscale<br \/>\n<\/span><\/p>\n<p><span style=\"color: #ff0000;\"> <span class=\"st\">Les adh\u00e9sions et dons au profit de notre association, parce qu&rsquo;elle est reconnue d&rsquo;int\u00e9r\u00eat g\u00e9n\u00e9ral, ouvrent droit \u00e0 une r\u00e9duction <em>d<\/em>&lsquo;Imp\u00f4t sur le revenu de 66 % du montant vers\u00e9 dans la limite de 20 % du revenu imposable.<br \/>\n<\/span><\/span><\/p>\n<\/div>\n<div align=\"left\"><span style=\"font-family: TimesNewRoman; font-size: large; color: #ff0000;\">\u00a0<\/span><\/div>\n","protected":false},"excerpt":{"rendered":"<p>Notre association est une association de b\u00e9n\u00e9voles, reconnue d&rsquo;int\u00e9r\u00eat g\u00e9n\u00e9ral. Son but\u00a0: Aider et soutenir les personnes souffrant de Troubles du Comportement Alimentaire (anorexie, boulimie, hyperphagie&#8230;) ainsi que leurs familles et leurs proches. Apporter pr\u00e9sence, \u00e9coute, orientation, soutien et accompagnement&#8230; <a class=\"more-link\" href=\"https:\/\/aboccitanie.fr\/?page_id=452\">Continue Reading &rarr;<\/a><\/p>\n","protected":false},"author":1,"featured_media":814,"parent":0,"menu_order":0,"comment_status":"closed","ping_status":"closed","template":"","meta":{"footnotes":""},"class_list":["post-452","page","type-page","status-publish","has-post-thumbnail","hentry"],"_links":{"self":[{"href":"https:\/\/aboccitanie.fr\/index.php?rest_route=\/wp\/v2\/pages\/452","targetHints":{"allow":["GET"]}}],"collection":[{"href":"https:\/\/aboccitanie.fr\/index.php?rest_route=\/wp\/v2\/pages"}],"about":[{"href":"https:\/\/aboccitanie.fr\/index.php?rest_route=\/wp\/v2\/types\/page"}],"author":[{"embeddable":true,"href":"https:\/\/aboccitanie.fr\/index.php?rest_route=\/wp\/v2\/users\/1"}],"replies":[{"embeddable":true,"href":"https:\/\/aboccitanie.fr\/index.php?rest_route=%2Fwp%2Fv2%2Fcomments&post=452"}],"version-history":[{"count":21,"href":"https:\/\/aboccitanie.fr\/index.php?rest_route=\/wp\/v2\/pages\/452\/revisions"}],"predecessor-version":[{"id":2347,"href":"https:\/\/aboccitanie.fr\/index.php?rest_route=\/wp\/v2\/pages\/452\/revisions\/2347"}],"wp:featuredmedia":[{"embeddable":true,"href":"https:\/\/aboccitanie.fr\/index.php?rest_route=\/wp\/v2\/media\/814"}],"wp:attachment":[{"href":"https:\/\/aboccitanie.fr\/index.php?rest_route=%2Fwp%2Fv2%2Fmedia&parent=452"}],"curies":[{"name":"wp","href":"https:\/\/api.w.org\/{rel}","templated":true}]}}