{"id":446,"date":"2018-03-27T18:56:47","date_gmt":"2018-03-27T18:56:47","guid":{"rendered":"https:\/\/ftpabmp31.wordpress.com\/?page_id=446"},"modified":"2018-03-27T18:56:47","modified_gmt":"2018-03-27T18:56:47","slug":"ressources-et-competences","status":"publish","type":"page","link":"https:\/\/aboccitanie.fr\/?page_id=446","title":{"rendered":"Notre accompagnement"},"content":{"rendered":"<h3 style=\"text-align:left;\" align=\"center\"><span style=\"color:#339966;font-family:Arial;font-size:large;\"><b>Nous mettons \u00e0 votre disposition nos ressources et comp\u00e9tences pour vous aider \u00e0:<\/b><\/span><\/h3>\n<ul>\n<li><span style=\"color:#339966;font-family:Arial;\"><b>vous tenir inform\u00e9 pour mieux comprendre et g\u00e9rer<br \/>\n<\/b><\/span><\/li>\n<\/ul>\n<p><span style=\"font-family:Arial;\"><b>Pourquoi ?<\/b><\/span><\/p>\n<p><span style=\"font-family:Arial;\">Plus vous serez inform\u00e9s sur la nature des troubles, les sympt\u00f4mes et le comportement des personnes souffrant de troubles alimentaires, et mieux vous serez arm\u00e9s pour entourer et accompagner efficacement la personne malade.<\/span><\/p>\n<p>&nbsp;<\/p>\n<ul>\n<li><span style=\"color:#339966;font-family:Arial;\"><b>former une \u00e9quipe parentale soud\u00e9e<\/b><\/span><\/li>\n<\/ul>\n<p><span style=\"font-family:Arial;\"><b>Une \u00e9quipe parentale soud\u00e9e permet une bien meilleure implication de tous, et une plus grande aptitude \u00e0 contrer efficacement la maladie. Elle se caract\u00e9rise par\u00a0 :<\/b><\/span><\/p>\n<ul>\n<li style=\"list-style-type:none;\">\n<ul>\n<li style=\"list-style-type:none;\">\n<ul>\n<li><span style=\"font-family:Arial;\">un soutien mutuel<\/span><\/li>\n<li><span style=\"font-family:Arial;\">une approche commune du probl\u00e8me<\/span><\/li>\n<li><span style=\"font-family:Arial;\">un consensus dans la mani\u00e8re de g\u00e9rer le probl\u00e8me<\/span><\/li>\n<li><span style=\"font-family:Arial;\">une entraide dans la gestion concr\u00e8te du probl\u00e8me<\/span><\/li>\n<li><span style=\"font-family:Arial;\">une autorit\u00e9 parentale qui s&rsquo;exprime d\u2019une seule voix<\/span>\n<div><\/div>\n<\/li>\n<\/ul>\n<\/li>\n<\/ul>\n<\/li>\n<\/ul>\n<p>&nbsp;<\/p>\n<ul>\n<li><span style=\"color:#339966;font-family:Arial;\"><b>savoir communiquer, \u00e9changer<br \/>\n<\/b><\/span><\/li>\n<\/ul>\n<p align=\"justify\"><span style=\"font-family:Arial;\"><b>La communication est le support essentiel de toutes relations humaines.<\/b> Elle permet de construire des liens, de les consolider. L\u2019\u00eatre humain est dot\u00e9 de cette capacit\u00e9, et le contenu et la forme de sa communication s&rsquo;enrichissent des divers mod\u00e8les et exp\u00e9riences rencontr\u00e9s tout au long de sa vie. Une communication de qualit\u00e9 n\u00e9cessite un certain apprentissage avec l&rsquo;appui de professionnels form\u00e9s ou de personnes exp\u00e9riment\u00e9es.<br \/>\n<\/span><\/p>\n<p align=\"justify\">A l&rsquo;association, nous nous effor\u00e7ons de vous donner les outils de communication dont vous avez besoin pour apaiser et traverser au mieux une situation familiale difficile :<\/p>\n<ul>\n<li><span style=\"font-family:Arial;\"> La communication qui apaise au lieu de blesser, <\/span><\/li>\n<li><span style=\"font-family:Arial;\">celle qui permet de r\u00e9soudre le conflit au lieu de l&rsquo;envenimer, <\/span><\/li>\n<li><span style=\"font-family:Arial;\">les savoir-faire et les savoir-\u00eatre qui impactent positivement plut\u00f4t que d&rsquo;enfermer dans une spirale n\u00e9gative, <\/span><\/li>\n<li><span style=\"font-family:Arial;\">Des \u00e9changes clairs et directs, &#8230;<\/span><\/li>\n<\/ul>\n<p align=\"justify\"><span style=\"font-family:Arial;\"> toutes ces formes de communication qui par exp\u00e9rience se sont av\u00e9r\u00e9es efficaces. <\/span><\/p>\n<p align=\"justify\"><span style=\"font-family:Arial;\">\u00a0<\/span><\/p>\n<p><span style=\"font-family:Arial;font-size:small;\"><b>[r\u00e9flexion extraite du livre \u00ab\u00a0Anorexie, boulimie\u00a0: vous pouvez aider votre enfant\u00a0\u00bb de Catherine DOYEN et Solange COOK-DARZENS]<\/b><\/span><\/p>\n<p>&nbsp;<\/p>\n","protected":false},"excerpt":{"rendered":"<p>Nous mettons \u00e0 votre disposition nos ressources et comp\u00e9tences pour vous aider \u00e0: vous tenir inform\u00e9 pour mieux comprendre et g\u00e9rer Pourquoi ? Plus vous serez inform\u00e9s sur la nature des troubles, les sympt\u00f4mes et le comportement des personnes souffrant&#8230; <a class=\"more-link\" href=\"https:\/\/aboccitanie.fr\/?page_id=446\">Continue Reading &rarr;<\/a><\/p>\n","protected":false},"author":1,"featured_media":0,"parent":0,"menu_order":0,"comment_status":"closed","ping_status":"closed","template":"","meta":{"footnotes":""},"class_list":["post-446","page","type-page","status-publish","hentry"],"_links":{"self":[{"href":"https:\/\/aboccitanie.fr\/index.php?rest_route=\/wp\/v2\/pages\/446","targetHints":{"allow":["GET"]}}],"collection":[{"href":"https:\/\/aboccitanie.fr\/index.php?rest_route=\/wp\/v2\/pages"}],"about":[{"href":"https:\/\/aboccitanie.fr\/index.php?rest_route=\/wp\/v2\/types\/page"}],"author":[{"embeddable":true,"href":"https:\/\/aboccitanie.fr\/index.php?rest_route=\/wp\/v2\/users\/1"}],"replies":[{"embeddable":true,"href":"https:\/\/aboccitanie.fr\/index.php?rest_route=%2Fwp%2Fv2%2Fcomments&post=446"}],"version-history":[{"count":0,"href":"https:\/\/aboccitanie.fr\/index.php?rest_route=\/wp\/v2\/pages\/446\/revisions"}],"wp:attachment":[{"href":"https:\/\/aboccitanie.fr\/index.php?rest_route=%2Fwp%2Fv2%2Fmedia&parent=446"}],"curies":[{"name":"wp","href":"https:\/\/api.w.org\/{rel}","templated":true}]}}