{"id":441,"date":"2018-03-27T18:53:47","date_gmt":"2018-03-27T18:53:47","guid":{"rendered":"https:\/\/ftpabmp31.wordpress.com\/?page_id=441"},"modified":"2018-03-27T18:53:47","modified_gmt":"2018-03-27T18:53:47","slug":"pourquoi-nous-existons","status":"publish","type":"page","link":"https:\/\/aboccitanie.fr\/?page_id=441","title":{"rendered":"Notre vocation"},"content":{"rendered":"<h3 align=\"center\"><span style=\"color:#339966;font-family:Arial;font-size:large;\"><b>Pourquoi une association d\u2019aide aux familles et aux proches\u00a0?<\/b><\/span><\/h3>\n<div align=\"left\"><span style=\"font-family:Arial;\"><br \/>\n<\/span><\/div>\n<div align=\"justify\"><span style=\"font-family:Arial;\">Les troubles du comportement alimentaire entra\u00eenent un grand d\u00e9sarroi dans la famille\u00a0: angoisse, incompr\u00e9hension, sentiment d\u2019impuissance &#8230;<br \/>\n<\/span><\/div>\n<div align=\"justify\"><\/div>\n<div align=\"justify\"><span style=\"font-family:Arial;\">Peu \u00e0 peu, le trouble envahit insidieusement la sph\u00e8re familiale et devient une obsession pour tous.<\/span><\/div>\n<div align=\"justify\"><\/div>\n<div align=\"justify\"><span style=\"font-family:Arial;\">Or, la famille et les proches ont un r\u00f4le essentiel dans l\u2019accompagnement des malades et dans le processus de gu\u00e9rison.<\/span><\/div>\n<div align=\"justify\"><\/div>\n<div align=\"justify\"><span style=\"font-family:Arial;\">Ils ont \u00e9galement besoin d\u2019\u00eatre soutenus, car malheureusement, tr\u00e8s souvent, l\u2019ext\u00e9rieur a du mal \u00e0 saisir la dure r\u00e9alit\u00e9 de la maladie.<\/span><\/div>\n<div align=\"justify\"><span style=\"font-family:Arial;\"><br \/>\n<\/span><\/div>\n<div align=\"left\"><span style=\"font-family:Arial;\">Dans notre association, la famille et les proches des malades ont l&rsquo;opportunit\u00e9 de rencontrer d\u2019autres familles confront\u00e9es aux m\u00eames difficult\u00e9s. <\/span><\/div>\n<div align=\"left\"><\/div>\n<div align=\"left\"><span style=\"font-family:Arial;\">Aussi, nous organisons des <b>conf\u00e9rences-rencontres<\/b> pour permettre \u00e0 tous de mieux conna\u00eetre, comprendre et g\u00e9rer ces moments si difficiles.<\/span><\/div>\n<div align=\"left\"><\/div>\n<div align=\"justify\"><span style=\"font-family:Arial;\">Nous proposons aussi <b>des groupes de parole<\/b> r\u00e9serv\u00e9s aux familles et aux proches de malades.<\/span><\/div>\n<div align=\"justify\"><\/div>\n<div align=\"justify\"><span style=\"font-family:Arial;\">Forte du soutien de nombreuses familles ainsi que des professionnels de sant\u00e9, notre association contribue, depuis 15 ans maintenant, \u00e0 la prise de conscience collective de la r\u00e9alit\u00e9 de ces maladies.<\/span><\/div>\n<div align=\"justify\"><\/div>\n<div align=\"justify\"><span style=\"font-family:Arial;\">Elle agit notamment pour un \u00e9largissement de l\u2019offre de soins sp\u00e9cialis\u00e9s \u00e0 l&rsquo;\u00e9chelle r\u00e9gionale.<\/span><\/div>\n<p>&nbsp;<\/p>\n","protected":false},"excerpt":{"rendered":"<p>Pourquoi une association d\u2019aide aux familles et aux proches\u00a0? Les troubles du comportement alimentaire entra\u00eenent un grand d\u00e9sarroi dans la famille\u00a0: angoisse, incompr\u00e9hension, sentiment d\u2019impuissance &#8230; Peu \u00e0 peu, le trouble envahit insidieusement la sph\u00e8re familiale et devient une obsession&#8230; <a class=\"more-link\" href=\"https:\/\/aboccitanie.fr\/?page_id=441\">Continue Reading &rarr;<\/a><\/p>\n","protected":false},"author":1,"featured_media":0,"parent":0,"menu_order":0,"comment_status":"closed","ping_status":"closed","template":"","meta":{"footnotes":""},"class_list":["post-441","page","type-page","status-publish","hentry"],"_links":{"self":[{"href":"https:\/\/aboccitanie.fr\/index.php?rest_route=\/wp\/v2\/pages\/441","targetHints":{"allow":["GET"]}}],"collection":[{"href":"https:\/\/aboccitanie.fr\/index.php?rest_route=\/wp\/v2\/pages"}],"about":[{"href":"https:\/\/aboccitanie.fr\/index.php?rest_route=\/wp\/v2\/types\/page"}],"author":[{"embeddable":true,"href":"https:\/\/aboccitanie.fr\/index.php?rest_route=\/wp\/v2\/users\/1"}],"replies":[{"embeddable":true,"href":"https:\/\/aboccitanie.fr\/index.php?rest_route=%2Fwp%2Fv2%2Fcomments&post=441"}],"version-history":[{"count":0,"href":"https:\/\/aboccitanie.fr\/index.php?rest_route=\/wp\/v2\/pages\/441\/revisions"}],"wp:attachment":[{"href":"https:\/\/aboccitanie.fr\/index.php?rest_route=%2Fwp%2Fv2%2Fmedia&parent=441"}],"curies":[{"name":"wp","href":"https:\/\/api.w.org\/{rel}","templated":true}]}}