{"id":421,"date":"2018-03-27T18:11:07","date_gmt":"2018-03-27T18:11:07","guid":{"rendered":"https:\/\/ftpabmp31.wordpress.com\/?page_id=421"},"modified":"2023-06-05T17:38:14","modified_gmt":"2023-06-05T15:38:14","slug":"partenariats","status":"publish","type":"page","link":"https:\/\/aboccitanie.fr\/?page_id=421","title":{"rendered":"Partenariats"},"content":{"rendered":"<div id=\"LMTxtText9\">\n<p><img loading=\"lazy\" decoding=\"async\" class=\"alignnone size-full wp-image-816\" src=\"https:\/\/ftpabmp31.files.wordpress.com\/2018\/04\/connect-20333_960_720.jpg\" alt=\"connect-20333_960_720\" width=\"960\" height=\"640\" srcset=\"https:\/\/aboccitanie.fr\/wp-content\/uploads\/2018\/04\/connect-20333_960_720.jpg 960w, https:\/\/aboccitanie.fr\/wp-content\/uploads\/2018\/04\/connect-20333_960_720-300x200.jpg 300w, https:\/\/aboccitanie.fr\/wp-content\/uploads\/2018\/04\/connect-20333_960_720-768x512.jpg 768w\" sizes=\"auto, (max-width: 960px) 100vw, 960px\" \/><\/p>\n<ul>\n<li><span style=\"font-family: Times\\New\\Roman; font-size: large;\"><span style=\"font-family: Times\\New\\Roman; font-size: large;\"><span style=\"font-family: Times\\New\\Roman; font-size: large;\"><span style=\"font-family: Times\\New\\Roman; font-size: large;\">Partenaire de la <span style=\"color: #339966;\">F\u00e9d\u00e9ration Fran\u00e7aise Anorexie Boulimie<\/span> <a href=\"http:\/\/www.anorexieboulimie-afdas.fr\/\">(FFAB)<\/a>, ex\u00a0\u00a0<\/span><\/span><\/span><\/span>AFDAS TCA.\u00a0 La FFAB est une association qui regroupe des sp\u00e9cialistes du d\u00e9pistage, du diagnostic, de la prise en charge, du traitement et de la recherche sur les troubles du comportement alimentaire, ainsi que des repr\u00e9sentants des f\u00e9d\u00e9rations et associations de familles et d&rsquo;usagers.<\/li>\n<\/ul>\n<p style=\"text-align: center;\"><a href=\"http:\/\/www.ffab.fr\"><span style=\"color: #3366ff;\"><strong>http:\/\/www.ffab.fr<\/strong><\/span><\/a><\/p>\n<ul>\n<li><span style=\"font-family: Times\\New\\Roman; font-size: large;\">Membre de la <span style=\"color: #339966;\">F\u00e9d\u00e9ration Nationale pour la Pr\u00e9vention des Troubles du Comportement Alimentaire<\/span> <a href=\"https:\/\/fna-tca.org\/\">(FNA-TCA) <\/a>.\u00a0<\/span><span style=\"font-family: Times\\New\\Roman; font-size: large;\"><span style=\"font-family: Times\\New\\Roman; font-size: large;\"><br \/>\n<\/span><\/span><span style=\"color: #ff0000;\">\u00a0<\/span>Forte de ses dix ans d\u2019existence, elle participe \u00e0 la reconnaissance des TCA comme probl\u00e8me majeur de sant\u00e9 publique.<\/li>\n<\/ul>\n<p style=\"text-align: center;\"><a href=\"http:\/\/www.fna-tca.org\/\"><strong><span style=\"color: #3366ff;\">http:\/\/www.fna-tca.org\/<\/span><\/strong><\/a><\/p>\n<ul>\n<li>Membre de l&rsquo;<span style=\"color: #339966;\">Union D\u00e9partementale des Associations Familiales <\/span><a href=\"http:\/\/www.udaf31.fr\">(UDAF)<\/a>.<\/li>\n<\/ul>\n<p style=\"padding-left: 30px;\">L&rsquo;UDAF est\u00a0charg\u00e9e, \u00e0 l\u2019\u00e9chelon d\u00e9partemental, de repr\u00e9senter les int\u00e9r\u00eats et la voix des familles, de mener l\u2019action politique locale et d\u00e9partementale en faveur des familles, d\u2019observer les besoins des familles, et de d\u00e9velopper et g\u00e9rer de nombreux services aux familles. Il existe 100 Unions D\u00e9partementales des Associations Familiales<\/p>\n<p style=\"text-align: center;\"><a href=\"http:\/\/www.udaf31.fr\"><strong><span style=\"color: #3366ff;\">http:\/\/www.udaf31.fr<\/span><\/strong><\/a><\/p>\n<\/div>\n","protected":false},"excerpt":{"rendered":"<p>Partenaire de la F\u00e9d\u00e9ration Fran\u00e7aise Anorexie Boulimie (FFAB), ex\u00a0\u00a0AFDAS TCA.\u00a0 La FFAB est une association qui regroupe des sp\u00e9cialistes du d\u00e9pistage, du diagnostic, de la prise en charge, du traitement et de la recherche sur les troubles du comportement alimentaire,&#8230; <a class=\"more-link\" href=\"https:\/\/aboccitanie.fr\/?page_id=421\">Continue Reading &rarr;<\/a><\/p>\n","protected":false},"author":1,"featured_media":0,"parent":0,"menu_order":0,"comment_status":"closed","ping_status":"closed","template":"","meta":{"footnotes":""},"class_list":["post-421","page","type-page","status-publish","hentry"],"_links":{"self":[{"href":"https:\/\/aboccitanie.fr\/index.php?rest_route=\/wp\/v2\/pages\/421","targetHints":{"allow":["GET"]}}],"collection":[{"href":"https:\/\/aboccitanie.fr\/index.php?rest_route=\/wp\/v2\/pages"}],"about":[{"href":"https:\/\/aboccitanie.fr\/index.php?rest_route=\/wp\/v2\/types\/page"}],"author":[{"embeddable":true,"href":"https:\/\/aboccitanie.fr\/index.php?rest_route=\/wp\/v2\/users\/1"}],"replies":[{"embeddable":true,"href":"https:\/\/aboccitanie.fr\/index.php?rest_route=%2Fwp%2Fv2%2Fcomments&post=421"}],"version-history":[{"count":7,"href":"https:\/\/aboccitanie.fr\/index.php?rest_route=\/wp\/v2\/pages\/421\/revisions"}],"predecessor-version":[{"id":1961,"href":"https:\/\/aboccitanie.fr\/index.php?rest_route=\/wp\/v2\/pages\/421\/revisions\/1961"}],"wp:attachment":[{"href":"https:\/\/aboccitanie.fr\/index.php?rest_route=%2Fwp%2Fv2%2Fmedia&parent=421"}],"curies":[{"name":"wp","href":"https:\/\/api.w.org\/{rel}","templated":true}]}}