{"id":42,"date":"2018-02-18T15:13:56","date_gmt":"2018-02-18T15:13:56","guid":{"rendered":"https:\/\/ftpabmp31.wordpress.com\/?page_id=42"},"modified":"2023-04-24T09:05:17","modified_gmt":"2023-04-24T07:05:17","slug":"liens-utiles","status":"publish","type":"page","link":"https:\/\/aboccitanie.fr\/?page_id=42","title":{"rendered":"Liens utiles"},"content":{"rendered":"<p><span style=\"color: #339966;\"><strong>A TOULOUSE<\/strong><\/span><\/p>\n<ul>\n<li><a href=\"http:\/\/www.udaf31.fr\">UDAF<\/a>, Union D\u00e9partementale des Associations Familiales<\/li>\n<\/ul>\n<h4><\/h4>\n<h4><span style=\"color: #339966;\">EN FRANCE<br \/>\n<\/span><\/h4>\n<ul>\n<li><a href=\"http:\/\/www.anorexieboulimie-afdas.fr\/\">FFAB<\/a>\u00a0(F\u00e9d\u00e9ration Fran\u00e7aise Anorexie Boulimie, ex AFDAS TCA)<\/li>\n<li><a href=\"https:\/\/fna-tca.org\/\">FNA-TCA<\/a> (F\u00e9d\u00e9ration Nationale pour la Pr\u00e9vention des Troubles du Comportement Alimentaire)<\/li>\n<\/ul>\n","protected":false},"excerpt":{"rendered":"<p>A TOULOUSE UDAF, Union D\u00e9partementale des Associations Familiales EN FRANCE FFAB\u00a0(F\u00e9d\u00e9ration Fran\u00e7aise Anorexie Boulimie, ex AFDAS TCA) FNA-TCA (F\u00e9d\u00e9ration Nationale pour la Pr\u00e9vention des Troubles du Comportement Alimentaire)<\/p>\n","protected":false},"author":1,"featured_media":0,"parent":0,"menu_order":0,"comment_status":"closed","ping_status":"closed","template":"","meta":{"footnotes":""},"class_list":["post-42","page","type-page","status-publish","hentry"],"_links":{"self":[{"href":"https:\/\/aboccitanie.fr\/index.php?rest_route=\/wp\/v2\/pages\/42","targetHints":{"allow":["GET"]}}],"collection":[{"href":"https:\/\/aboccitanie.fr\/index.php?rest_route=\/wp\/v2\/pages"}],"about":[{"href":"https:\/\/aboccitanie.fr\/index.php?rest_route=\/wp\/v2\/types\/page"}],"author":[{"embeddable":true,"href":"https:\/\/aboccitanie.fr\/index.php?rest_route=\/wp\/v2\/users\/1"}],"replies":[{"embeddable":true,"href":"https:\/\/aboccitanie.fr\/index.php?rest_route=%2Fwp%2Fv2%2Fcomments&post=42"}],"version-history":[{"count":5,"href":"https:\/\/aboccitanie.fr\/index.php?rest_route=\/wp\/v2\/pages\/42\/revisions"}],"predecessor-version":[{"id":1850,"href":"https:\/\/aboccitanie.fr\/index.php?rest_route=\/wp\/v2\/pages\/42\/revisions\/1850"}],"wp:attachment":[{"href":"https:\/\/aboccitanie.fr\/index.php?rest_route=%2Fwp%2Fv2%2Fmedia&parent=42"}],"curies":[{"name":"wp","href":"https:\/\/api.w.org\/{rel}","templated":true}]}}