{"id":337,"date":"2018-03-26T17:56:43","date_gmt":"2018-03-26T17:56:43","guid":{"rendered":"https:\/\/ftpabmp31.wordpress.com\/?page_id=337"},"modified":"2024-11-02T15:56:20","modified_gmt":"2024-11-02T14:56:20","slug":"groupes-de-parole-et-accueil","status":"publish","type":"page","link":"https:\/\/aboccitanie.fr\/?page_id=337","title":{"rendered":"Groupes de parole &#8211; Aide et Soutien"},"content":{"rendered":"<h3><span style=\"color: #800080;\"><strong>Parall\u00e8lement aux appels, aux rendez-vous \u00e0 la Communaut\u00e9 Municipale de Sant\u00e9, aux visioconf\u00e9rences individuelles nous organisons r\u00e9guli\u00e8rement des r\u00e9unions dont l&rsquo;objectif est d&rsquo;offrir :<\/strong><\/span><\/h3>\n<ul>\n<li><span style=\"color: #000000;\">Un espace pour\u00a0 les parents et les proches<\/span><\/li>\n<li><span style=\"color: #000000;\">Une aide et un soutien irrempla\u00e7able pour les familles en d\u00e9tresse<\/span><\/li>\n<li><span style=\"color: #000000;\">Des \u00e9changes d&rsquo;exp\u00e9riences riches<\/span><\/li>\n<\/ul>\n<p><span style=\"color: #000000;\">Vous avez la possibilit\u00e9 de participer \u00e0 deux types de<\/span> <strong>r\u00e9unions<\/strong> <span style=\"color: #000000;\">organis\u00e9es<\/span> le <strong>samedi <\/strong><span style=\"color: #000000;\">selon un calendrier sp\u00e9cifique :<\/span><\/p>\n<h3><span style=\"color: #339966;\"><strong> <img loading=\"lazy\" decoding=\"async\" class=\" wp-image-364 alignleft\" src=\"https:\/\/ftpabmp31.files.wordpress.com\/2018\/03\/people-2727790_1280.png?w=600\" alt=\"people-2727790_1280\" width=\"151\" height=\"151\" srcset=\"https:\/\/aboccitanie.fr\/wp-content\/uploads\/2018\/03\/people-2727790_1280.png 1280w, https:\/\/aboccitanie.fr\/wp-content\/uploads\/2018\/03\/people-2727790_1280-150x150.png 150w, https:\/\/aboccitanie.fr\/wp-content\/uploads\/2018\/03\/people-2727790_1280-300x300.png 300w, https:\/\/aboccitanie.fr\/wp-content\/uploads\/2018\/03\/people-2727790_1280-768x768.png 768w, https:\/\/aboccitanie.fr\/wp-content\/uploads\/2018\/03\/people-2727790_1280-1024x1024.png 1024w, https:\/\/aboccitanie.fr\/wp-content\/uploads\/2018\/03\/people-2727790_1280-100x100.png 100w\" sizes=\"auto, (max-width: 151px) 100vw, 151px\" \/>\u00a0 <span style=\"color: #800080;\">1\/ Groupe d&rsquo;Aide et de Soutien sur inscription<\/span><\/strong><\/span><\/h3>\n<p><span style=\"color: #000000;\"> de 9h30\/10h00 \u00e0 12h00\/12h30 (selon le nombre de participants)<\/span><\/p>\n<p><span style=\"color: #000000;\"><strong>En pr\u00e9sentiel \u00e0 la CMS<\/strong>, 2 rue Malbec, 31000 Toulouse<\/span><\/p>\n<p><span style=\"color: #000000;\"><strong>ou en distanciel avec ZOOM<\/strong> <\/span><\/p>\n<p><span style=\"color: #000000;\">(alternance selon les dates et la disponibilit\u00e9 des salles \u00e0 la CMS)<\/span><\/p>\n<p><span style=\"color: #800080;\"><span style=\"color: #000000;\"><span style=\"text-decoration: underline;\">Nota<\/span> : Participation gratuite, sans engagement,<\/span><span style=\"color: #ff0000;\"> avec inscription pr\u00e9alable par mail et entretien t\u00e9l\u00e9phonique s&rsquo;il s&rsquo;agit d&rsquo;une premi\u00e8re inscription : <strong><span style=\"color: #0000ff;\">abopm31@gmail.com<\/span><\/strong><\/span><\/span><\/p>\n<p><span style=\"color: #000000;\">Toutes les 3 \u00e0 4 semaines toute l&rsquo;ann\u00e9e y compris pendant les vacances scolaires<\/span><strong><span style=\"color: #000000;\"><br \/>\n<\/span><\/strong><\/p>\n<p><span style=\"color: #339966;\"><strong><span style=\"text-decoration: underline; color: #339966;\"><img loading=\"lazy\" decoding=\"async\" class=\" wp-image-362 alignleft\" src=\"https:\/\/ftpabmp31.files.wordpress.com\/2018\/03\/people-3245739_1280.png?w=600\" alt=\"people-3245739_1280\" width=\"153\" height=\"150\" srcset=\"https:\/\/aboccitanie.fr\/wp-content\/uploads\/2018\/03\/people-3245739_1280.png 1280w, https:\/\/aboccitanie.fr\/wp-content\/uploads\/2018\/03\/people-3245739_1280-300x294.png 300w, https:\/\/aboccitanie.fr\/wp-content\/uploads\/2018\/03\/people-3245739_1280-768x754.png 768w, https:\/\/aboccitanie.fr\/wp-content\/uploads\/2018\/03\/people-3245739_1280-1024x1005.png 1024w\" sizes=\"auto, (max-width: 153px) 100vw, 153px\" \/><\/span><\/strong><\/span><\/p>\n<p><strong><span style=\"color: #800080;\">2\/ Groupe de parole<br \/>\n<\/span><\/strong><\/p>\n<p><span style=\"color: #000000;\">Les s\u00e9ances sont anim\u00e9es en bin\u00f4me par une psychologue et un parent,\u00a0 dans les locaux de l&rsquo;h\u00f4pital de psychiatrie de Purpan le samedi de 10h \u00e0 12h une fois par mois (la psychologue ne fait partie de l&rsquo;h\u00f4pital)<\/span><strong><br \/>\n<\/strong><\/p>\n<p style=\"padding-left: 150px;\"><span style=\"color: #800080;\"><span style=\"color: #ff0000;\"><span style=\"text-decoration: underline;\">Nota<\/span> : R\u00e9serv\u00e9 aux adh\u00e9rents, n\u00e9cessitant un engagement\u00a0annuel \u00a0et une petite contribution financi\u00e8re pour la p\u00e9rennisation du groupe<\/span><br \/>\n<\/span><\/p>\n<p style=\"padding-left: 150px;\"><span style=\"color: #000000;\">Sous r\u00e9serve des places disponibles, et apr\u00e8s un entretien (gratuit) avec la psychologue du groupe.<\/span><\/p>\n<p style=\"padding-left: 150px;\"><strong> Une fois par mois, hors vacances scolaires (10 s\u00e9ances dans l&rsquo;ann\u00e9e)<\/strong><strong> \u00a0 \u00a0 \u00a0 \u00a0 <\/strong><strong><br \/>\n<\/strong><\/p>\n<p><strong>\u00a0\u00a0\u00a0\u00a0\u00a0\u00a0\u00a0\u00a0\u00a0\u00a0\u00a0<\/strong><strong>\u00a0 \u00a0 \u00a0 <\/strong><\/p>\n","protected":false},"excerpt":{"rendered":"<p>Parall\u00e8lement aux appels, aux rendez-vous \u00e0 la Communaut\u00e9 Municipale de Sant\u00e9, aux visioconf\u00e9rences individuelles nous organisons r\u00e9guli\u00e8rement des r\u00e9unions dont l&rsquo;objectif est d&rsquo;offrir : Un espace pour\u00a0 les parents et les proches Une aide et un soutien irrempla\u00e7able pour les&#8230; <a class=\"more-link\" href=\"https:\/\/aboccitanie.fr\/?page_id=337\">Continue Reading &rarr;<\/a><\/p>\n","protected":false},"author":1,"featured_media":892,"parent":0,"menu_order":0,"comment_status":"closed","ping_status":"closed","template":"","meta":{"footnotes":""},"class_list":["post-337","page","type-page","status-publish","has-post-thumbnail","hentry"],"_links":{"self":[{"href":"https:\/\/aboccitanie.fr\/index.php?rest_route=\/wp\/v2\/pages\/337","targetHints":{"allow":["GET"]}}],"collection":[{"href":"https:\/\/aboccitanie.fr\/index.php?rest_route=\/wp\/v2\/pages"}],"about":[{"href":"https:\/\/aboccitanie.fr\/index.php?rest_route=\/wp\/v2\/types\/page"}],"author":[{"embeddable":true,"href":"https:\/\/aboccitanie.fr\/index.php?rest_route=\/wp\/v2\/users\/1"}],"replies":[{"embeddable":true,"href":"https:\/\/aboccitanie.fr\/index.php?rest_route=%2Fwp%2Fv2%2Fcomments&post=337"}],"version-history":[{"count":39,"href":"https:\/\/aboccitanie.fr\/index.php?rest_route=\/wp\/v2\/pages\/337\/revisions"}],"predecessor-version":[{"id":2289,"href":"https:\/\/aboccitanie.fr\/index.php?rest_route=\/wp\/v2\/pages\/337\/revisions\/2289"}],"wp:featuredmedia":[{"embeddable":true,"href":"https:\/\/aboccitanie.fr\/index.php?rest_route=\/wp\/v2\/media\/892"}],"wp:attachment":[{"href":"https:\/\/aboccitanie.fr\/index.php?rest_route=%2Fwp%2Fv2%2Fmedia&parent=337"}],"curies":[{"name":"wp","href":"https:\/\/api.w.org\/{rel}","templated":true}]}}