{"id":334,"date":"2018-03-26T17:34:14","date_gmt":"2018-03-26T17:34:14","guid":{"rendered":"https:\/\/ftpabmp31.wordpress.com\/?page_id=334"},"modified":"2019-12-19T16:38:27","modified_gmt":"2019-12-19T15:38:27","slug":"ateliers-dynamiques","status":"publish","type":"page","link":"https:\/\/aboccitanie.fr\/?page_id=334","title":{"rendered":"Ateliers Gestion du Stress"},"content":{"rendered":"<h3><span style=\"color: #339966;\"><b>Atelier de sophrologie\u00a0<\/b><\/span><\/h3>\n<div>Ces sessions sont un outil pr\u00e9cieux pour les proches, et notamment les parents de malades, qui peuvent trouver apaisement et regain d&rsquo;\u00e9nergie dans la pratique de la sophrologie.<\/div>\n<div><\/div>\n<p><b><\/b>R\u00e9serv\u00e9 aux adh\u00e9rents, cet atelier est anim\u00e9 par Carine, sophrologue cayc\u00e9dienne.<img loading=\"lazy\" decoding=\"async\" class=\"wp-image-1341 alignleft\" src=\"https:\/\/aboccitanie.fr\/wp-content\/uploads\/2018\/09\/O2P7678-1-200x300.jpg\" alt=\"\" width=\"124\" height=\"186\" srcset=\"https:\/\/aboccitanie.fr\/wp-content\/uploads\/2018\/09\/O2P7678-1-200x300.jpg 200w, https:\/\/aboccitanie.fr\/wp-content\/uploads\/2018\/09\/O2P7678-1.jpg 534w\" sizes=\"auto, (max-width: 124px) 100vw, 124px\" \/><\/p>\n<p>Il se d\u00e9roule \u00e0 l&rsquo;\u00e9tage, dans les locaux de la <strong>CMS<\/strong><b>\u00a0<\/b>&#8211;<b> 2 rue Malbec 31000 Toulouse.<\/b><\/p>\n<p><span style=\"color: #800080;\"><span style=\"text-decoration: underline;\">Nota<\/span> : Participation sur inscription, n\u00e9cessitant une petite contribution financi\u00e8re pour la p\u00e9rennisation de l&rsquo;atelier.<b><br \/>\n<\/b><\/span><\/p>\n<p><strong><span style=\"color: #666699;\"><u>Prochaines sessions<\/u>:<\/span><span style=\"color: #ff0000;\">informations \u00e0 venir<\/span> (n&rsquo;h\u00e9sitez pas \u00e0 vous inscrire, ce groupe est ouvert \u00e0 tous les adh\u00e9rents)<br \/>\n<\/strong><\/p>\n<h4><span style=\"color: #ff0000;\"><strong>\u00a0<\/strong><\/span><\/h4>\n<p>&nbsp;<\/p>\n<div><\/div>\n","protected":false},"excerpt":{"rendered":"<p>Atelier de sophrologie\u00a0 Ces sessions sont un outil pr\u00e9cieux pour les proches, et notamment les parents de malades, qui peuvent trouver apaisement et regain d&rsquo;\u00e9nergie dans la pratique de la sophrologie. R\u00e9serv\u00e9 aux adh\u00e9rents, cet atelier est anim\u00e9 par Carine,&#8230; <a class=\"more-link\" href=\"https:\/\/aboccitanie.fr\/?page_id=334\">Continue Reading &rarr;<\/a><\/p>\n","protected":false},"author":1,"featured_media":1342,"parent":0,"menu_order":0,"comment_status":"closed","ping_status":"closed","template":"","meta":{"footnotes":""},"class_list":["post-334","page","type-page","status-publish","has-post-thumbnail","hentry"],"_links":{"self":[{"href":"https:\/\/aboccitanie.fr\/index.php?rest_route=\/wp\/v2\/pages\/334","targetHints":{"allow":["GET"]}}],"collection":[{"href":"https:\/\/aboccitanie.fr\/index.php?rest_route=\/wp\/v2\/pages"}],"about":[{"href":"https:\/\/aboccitanie.fr\/index.php?rest_route=\/wp\/v2\/types\/page"}],"author":[{"embeddable":true,"href":"https:\/\/aboccitanie.fr\/index.php?rest_route=\/wp\/v2\/users\/1"}],"replies":[{"embeddable":true,"href":"https:\/\/aboccitanie.fr\/index.php?rest_route=%2Fwp%2Fv2%2Fcomments&post=334"}],"version-history":[{"count":17,"href":"https:\/\/aboccitanie.fr\/index.php?rest_route=\/wp\/v2\/pages\/334\/revisions"}],"predecessor-version":[{"id":1496,"href":"https:\/\/aboccitanie.fr\/index.php?rest_route=\/wp\/v2\/pages\/334\/revisions\/1496"}],"wp:featuredmedia":[{"embeddable":true,"href":"https:\/\/aboccitanie.fr\/index.php?rest_route=\/wp\/v2\/media\/1342"}],"wp:attachment":[{"href":"https:\/\/aboccitanie.fr\/index.php?rest_route=%2Fwp%2Fv2%2Fmedia&parent=334"}],"curies":[{"name":"wp","href":"https:\/\/api.w.org\/{rel}","templated":true}]}}