{"id":210,"date":"2018-03-19T16:14:08","date_gmt":"2018-03-19T16:14:08","guid":{"rendered":"https:\/\/ftpabmp31.wordpress.com\/?page_id=210"},"modified":"2023-09-10T17:45:52","modified_gmt":"2023-09-10T15:45:52","slug":"qui-sommes-nous","status":"publish","type":"page","link":"https:\/\/aboccitanie.fr\/?page_id=210","title":{"rendered":"Qui sommes nous ?"},"content":{"rendered":"<h3 style=\"text-align: left;\" align=\"center\"><span style=\"color: #800080;\">ABO (Anorexie Boulimie Occitanie), une association loi 1901<\/span><\/h3>\n<p style=\"text-align: left;\" align=\"center\">Reconnue d&rsquo;int\u00e9r\u00eat g\u00e9n\u00e9ral, elle est n\u00e9e\u00a0 en 2003 par la volont\u00e9 d&rsquo;une famille touch\u00e9e \u00e0 2 reprises par la maladie.<\/p>\n<p style=\"text-align: left;\" align=\"center\">L&rsquo;id\u00e9e de cr\u00e9er une association s&rsquo;est appuy\u00e9e sur les difficult\u00e9s que le couple a rencontr\u00e9 dans sa recherche d&rsquo;aide et surtout dans sa qu\u00eate d&rsquo;un soutien apaisant quand la souffrance prend le pas sur la vie de famille.<\/p>\n<p style=\"text-align: left;\" align=\"center\">C&rsquo;est donc tout naturellement que la structure associative s&rsquo;est construite autour de l&rsquo;accueil et du soutien aux familles et aux proches.<\/p>\n<p style=\"text-align: left;\" align=\"center\">Aujourd&rsquo;hui elle aide et soutient aussi les personnes souffrant de TCA.<\/p>\n<p style=\"text-align: left;\" align=\"center\">L&rsquo;association f\u00eate aujourd&rsquo;hui ses 20 ann\u00e9es d&rsquo;existence.<\/p>\n<h3 style=\"text-align: left;\" align=\"center\"><span style=\"color: #800080;\">Nos objectifs<\/span><\/h3>\n<h4 align=\"center\"><span style=\"color: #008080;\"><span style=\"color: #ff0000;\">Sensibiliser &#8211; Informer &#8211; Ecouter &#8211;\u00a0 Orienter &#8211; Soutenir<\/span><br \/>\n<\/span><\/h4>\n<ul>\n<li>Aider les familles et les proches confront\u00e9s \u00e0 l&rsquo;anorexie, \u00e0 la boulimie, \u00e0 l&rsquo;hyperphagie<\/li>\n<li>Aider les malades \u00e0 trouver des lieux de soins adapt\u00e9s<\/li>\n<li>Rompre l&rsquo;isolement en d\u00e9veloppant un r\u00e9seau d&rsquo;\u00e9change et de solidarit\u00e9<\/li>\n<li>Apporter \u00e0 chacun pr\u00e9sence, \u00e9coute et soutien<\/li>\n<li>Aider \u00e0 la mobilisation des ressources familiales pendant l&rsquo;\u00e9preuve<\/li>\n<li>Mobiliser les pouvoirs publics dans la prise en charge de ces maladies<span style=\"color: #333333; font-family: Arial; font-size: large;\">\u00a0<\/span><\/li>\n<\/ul>\n<h3><span style=\"color: #339966;\"><strong>Quelques dates\u00a0<\/strong><\/span><\/h3>\n<ul>\n<li><strong>18 mars 2003 :<\/strong> d\u00e9clar\u00e9e \u00e0 la pr\u00e9fecture de la Haute-Garonne en tant qu&rsquo;ABMP<br \/>\n(<strong>A<\/strong>norexie <strong>B<\/strong>oulimie <strong>M<\/strong>idi-<strong>P<\/strong>yr\u00e9n\u00e9es)<\/li>\n<li><strong>3 mai 2003 : <\/strong>parution au Journal Officiel<\/li>\n<li><strong>16 janvier 2006 :<\/strong> l&rsquo;association est reconnue d&rsquo;int\u00e9r\u00eat g\u00e9n\u00e9ral<\/li>\n<li><strong>28 fevrier 2018 :<\/strong> ABMP devient ABO (<strong>A<\/strong>norexie <strong>B<\/strong>oulimie <strong>O<\/strong>ccitanie)<\/li>\n<\/ul>\n<p><strong>Si\u00e8ge social :<\/strong> Communaut\u00e9 Municipale de Sant\u00e9 &#8211; 2 rue Malbec &#8211; 31000 Toulouse<\/p>\n<p><strong>T\u00e9l. : <span style=\"color: #ff0000;\">06 44 23 32 14<\/span><\/strong><\/p>\n<p><strong>E.mail : <span style=\"color: #0000ff;\"><a style=\"color: #0000ff;\" href=\"abopm31@gmail.com\">abopm31@gmail.com<\/a><\/span><\/strong><\/p>\n<p><strong>N\u00b0 Siret :<\/strong> 44859657700016<\/p>\n<div align=\"center\">\n<h3 align=\"left\"><span style=\"color: #339966;\"><strong>Partenariats\u00a0<\/strong><\/span><\/h3>\n<ul>\n<li style=\"text-align: left;\">ABO est membre de la FNA-TCA (F\u00e9d\u00e9ration Nationale des Associations li\u00e9es aux Troubles du Comportement Alimentaire) cr\u00e9\u00e9e en 2007 par 5 associations constituantes dont ABO (ABMP cr\u00e9\u00e9e en 2003)<\/li>\n<li style=\"text-align: left;\">ABO est partenaire de la FFAB (F\u00e9d\u00e9ration Nationale Anorexie Boulimie &#8211; ex AFDAS-TCA &#8211; Professionnels)<\/li>\n<li style=\"text-align: left;\">ABO est adh\u00e9rente de l&rsquo;UDAF31 (Union d\u00e9partementale des Associations de Familles), du Centre Toulousain du B\u00e9n\u00e9volat<\/li>\n<li style=\"text-align: left;\">ABO est membre du collectif d&rsquo;associations APSOc ( Pr\u00e9vention Suicide Occitanie &#8211; ex PSMP)<\/li>\n<li style=\"text-align: left;\">ABO est partenaire du CHU<\/li>\n<\/ul>\n<\/div>\n<h3 align=\"left\"><span style=\"color: #339966;\"><strong>Un peu d&rsquo;histoire\u00a0<\/strong><\/span><\/h3>\n<p align=\"left\">Apr\u00e8s la deuxi\u00e8me guerre mondiale, le gouvernement provisoire de la r\u00e9publique manifeste la volont\u00e9 d&rsquo;associer les familles \u00e0 la reconstruction civique, sociale, \u00e9conomique et culturelle du pays et au-del\u00e0 de les appeler \u00e0 participer institutionnellement \u00e0 la d\u00e9finition et au d\u00e9veloppement des politiques qui les concernent directement. Le r\u00e9sultat de cette volont\u00e9 s&rsquo;est traduit par l&rsquo;ordonnance du 3 mars 1945, confirm\u00e9e par le l\u00e9gislateur avec la loi du 11 juillet 1975.<\/p>\n<p align=\"left\">Notre association, qui est une association de familles, est donc un acteur \u00e9conomique et social de premier ordre. elle joue au m\u00eame titre que les autres associations de familles, un r\u00f4le capital dans la croissance de notre pays. Elle est un partenaire du dialogue social dans le sens o\u00f9 la vie n&rsquo;est pas faite uniquement de relations \u00e0 l&rsquo;int\u00e9rieur de l&rsquo;entreprise mais englobe l&rsquo;ensemble des temps et des espaces.<\/p>\n<div align=\"center\">\n<p align=\"left\"><span style=\"font-family: Arial; font-size: small;\">\u00a0<\/span><\/p>\n<p align=\"left\"><span style=\"font-family: Arial;\">\u00a0<\/span><\/p>\n<div align=\"left\"><span style=\"font-family: Arial; font-size: large;\">\u00a0<\/span><\/div>\n<\/div>\n","protected":false},"excerpt":{"rendered":"<p>ABO (Anorexie Boulimie Occitanie), une association loi 1901 Reconnue d&rsquo;int\u00e9r\u00eat g\u00e9n\u00e9ral, elle est n\u00e9e\u00a0 en 2003 par la volont\u00e9 d&rsquo;une famille touch\u00e9e \u00e0 2 reprises par la maladie. L&rsquo;id\u00e9e de cr\u00e9er une association s&rsquo;est appuy\u00e9e sur les difficult\u00e9s que le&#8230; <a class=\"more-link\" href=\"https:\/\/aboccitanie.fr\/?page_id=210\">Continue Reading &rarr;<\/a><\/p>\n","protected":false},"author":1,"featured_media":366,"parent":0,"menu_order":0,"comment_status":"closed","ping_status":"closed","template":"","meta":{"footnotes":""},"class_list":["post-210","page","type-page","status-publish","has-post-thumbnail","hentry"],"_links":{"self":[{"href":"https:\/\/aboccitanie.fr\/index.php?rest_route=\/wp\/v2\/pages\/210","targetHints":{"allow":["GET"]}}],"collection":[{"href":"https:\/\/aboccitanie.fr\/index.php?rest_route=\/wp\/v2\/pages"}],"about":[{"href":"https:\/\/aboccitanie.fr\/index.php?rest_route=\/wp\/v2\/types\/page"}],"author":[{"embeddable":true,"href":"https:\/\/aboccitanie.fr\/index.php?rest_route=\/wp\/v2\/users\/1"}],"replies":[{"embeddable":true,"href":"https:\/\/aboccitanie.fr\/index.php?rest_route=%2Fwp%2Fv2%2Fcomments&post=210"}],"version-history":[{"count":7,"href":"https:\/\/aboccitanie.fr\/index.php?rest_route=\/wp\/v2\/pages\/210\/revisions"}],"predecessor-version":[{"id":1960,"href":"https:\/\/aboccitanie.fr\/index.php?rest_route=\/wp\/v2\/pages\/210\/revisions\/1960"}],"wp:featuredmedia":[{"embeddable":true,"href":"https:\/\/aboccitanie.fr\/index.php?rest_route=\/wp\/v2\/media\/366"}],"wp:attachment":[{"href":"https:\/\/aboccitanie.fr\/index.php?rest_route=%2Fwp%2Fv2%2Fmedia&parent=210"}],"curies":[{"name":"wp","href":"https:\/\/api.w.org\/{rel}","templated":true}]}}