{"id":1695,"date":"2022-04-01T16:52:26","date_gmt":"2022-04-01T14:52:26","guid":{"rendered":"http:\/\/aboccitanie.fr\/?page_id=1695"},"modified":"2025-01-21T11:44:56","modified_gmt":"2025-01-21T10:44:56","slug":"brochure-anorexie-boulimie-occitanie-pyrenees-mediterranee","status":"publish","type":"page","link":"https:\/\/aboccitanie.fr\/?page_id=1695","title":{"rendered":"Brochure Anorexie Boulimie Occitanie"},"content":{"rendered":"<p>Brochure Anorexie Boulimie Occitanie <em>Pyr\u00e9n\u00e9es M\u00e9diterran\u00e9e<\/em><\/p>\n<p style=\"text-align: center;\"><strong><span style=\"color: #0000ff;\"><a style=\"color: #0000ff;\" href=\"https:\/\/aboccitanie.fr\/wp-content\/uploads\/2025\/01\/Brochure-ABO.pdf\">Brochure ABO<\/a><\/span><\/strong><\/p>\n","protected":false},"excerpt":{"rendered":"<p>Brochure Anorexie Boulimie Occitanie Pyr\u00e9n\u00e9es M\u00e9diterran\u00e9e Brochure ABO<\/p>\n","protected":false},"author":1,"featured_media":0,"parent":0,"menu_order":0,"comment_status":"closed","ping_status":"closed","template":"","meta":{"footnotes":""},"class_list":["post-1695","page","type-page","status-publish","hentry"],"_links":{"self":[{"href":"https:\/\/aboccitanie.fr\/index.php?rest_route=\/wp\/v2\/pages\/1695","targetHints":{"allow":["GET"]}}],"collection":[{"href":"https:\/\/aboccitanie.fr\/index.php?rest_route=\/wp\/v2\/pages"}],"about":[{"href":"https:\/\/aboccitanie.fr\/index.php?rest_route=\/wp\/v2\/types\/page"}],"author":[{"embeddable":true,"href":"https:\/\/aboccitanie.fr\/index.php?rest_route=\/wp\/v2\/users\/1"}],"replies":[{"embeddable":true,"href":"https:\/\/aboccitanie.fr\/index.php?rest_route=%2Fwp%2Fv2%2Fcomments&post=1695"}],"version-history":[{"count":6,"href":"https:\/\/aboccitanie.fr\/index.php?rest_route=\/wp\/v2\/pages\/1695\/revisions"}],"predecessor-version":[{"id":2339,"href":"https:\/\/aboccitanie.fr\/index.php?rest_route=\/wp\/v2\/pages\/1695\/revisions\/2339"}],"wp:attachment":[{"href":"https:\/\/aboccitanie.fr\/index.php?rest_route=%2Fwp%2Fv2%2Fmedia&parent=1695"}],"curies":[{"name":"wp","href":"https:\/\/api.w.org\/{rel}","templated":true}]}}