{"id":114,"date":"2018-02-18T16:46:19","date_gmt":"2018-02-18T16:46:19","guid":{"rendered":"https:\/\/ftpabmp31.wordpress.com\/?page_id=114"},"modified":"2022-07-07T16:45:34","modified_gmt":"2022-07-07T14:45:34","slug":"permanences","status":"publish","type":"page","link":"https:\/\/aboccitanie.fr\/?page_id=114","title":{"rendered":"Permanences et Accueil"},"content":{"rendered":"<h3 style=\"text-align: center;\"><span style=\"color: #800080;\">\u00c9coute &#8211; Aide &#8211; Information &#8211; Orientation &#8211; Soutien<br \/>\n<\/span><\/h3>\n<p>Que vous soyez personnellement concern\u00e9(e) ou que vous soyez un proche et que vous \u00e9prouvez le besoin de vous confier, ne rester pas seul(e)s face \u00e0 la maladie, venez nous rencontrer.<\/p>\n<p>Pour cela, nous mettons \u00e0 votre disposition trois types de contact \u00e0 votre convenance :<\/p>\n<h4>1\/<span style=\"color: #800080;\"> La permanence t\u00e9l\u00e9phonique\u00a0<\/span> 7 jours sur 7<\/h4>\n<ul>\n<li style=\"text-align: left;\"><strong><span style=\"color: #ff0000;\">06 44 23 32 14 <\/span><\/strong>(en cas d&rsquo;absence, ne pas h\u00e9siter \u00e0 laisser un message vocal ou un SMS)<\/li>\n<\/ul>\n<h4><span style=\"color: #000000;\"><strong>2\/ <span style=\"color: #800080;\">La permanence par courriel <\/span><\/strong>7 jours sur 7<\/span><\/h4>\n<ul>\n<li><span style=\"color: #0000ff;\"><span style=\"color: #0000ff;\"><strong>abopm31@gmail.com\u00a0\u00a0\u00a0\u00a0\u00a0\u00a0\u00a0\u00a0\u00a0\u00a0\u00a0\u00a0\u00a0\u00a0\u00a0\u00a0\u00a0\u00a0\u00a0\u00a0\u00a0\u00a0\u00a0\u00a0\u00a0\u00a0\u00a0\u00a0\u00a0\u00a0\u00a0\u00a0\u00a0\u00a0\u00a0\u00a0\u00a0\u00a0\u00a0\u00a0\u00a0\u00a0\u00a0\u00a0\u00a0\u00a0\u00a0 <\/strong><\/span><\/span><\/li>\n<\/ul>\n<h4 style=\"text-align: left;\" align=\"center\">3\/ <span style=\"color: #800080;\">L&rsquo; accueil \u00e0 la CMS<\/span> uniquement sur rendez-vous par t\u00e9l ou mail<\/h4>\n<p><span style=\"color: #800080;\"><strong>Communaut\u00e9 Municipale de Sant\u00e9<\/strong><\/span><br \/>\n2 Rue Malbec (Rez-de-chauss\u00e9e)<br \/>\n31000 Toulouse<\/p>\n<p>Quai de la Daurade, entre le Pont Saint-Pierre et le Pont-Neuf<br \/>\nParkings et m\u00e9tros : Esquirol ou Capitole<\/p>\n<p>Acc\u00e8s \u00e0 la biblioth\u00e8que de l&rsquo;association pour les adh\u00e9rents<\/p>\n<div align=\"center\">\n<hr \/>\n<\/div>\n<p align=\"left\"><span style=\"color: #008080;\"><strong>Vous pouvez \u00e9galement consulter l&rsquo;UDAF<\/strong><\/span><\/p>\n<p align=\"left\"><a style=\"font-size: large;\" href=\"http:\/\/www.udaf31.fr\"><span style=\"color: #339966;\"><span style=\"font-family: TimesNewRoman;\"><strong><img loading=\"lazy\" decoding=\"async\" class=\" wp-image-799 alignnone\" src=\"https:\/\/ftpabmp31.files.wordpress.com\/2018\/04\/logo.png?w=300\" alt=\"logo\" width=\"178\" height=\"79\" srcset=\"https:\/\/aboccitanie.fr\/wp-content\/uploads\/2018\/04\/logo.png 377w, https:\/\/aboccitanie.fr\/wp-content\/uploads\/2018\/04\/logo-300x134.png 300w\" sizes=\"auto, (max-width: 178px) 100vw, 178px\" \/><\/strong><\/span><\/span><\/a><\/p>\n<p align=\"left\"><strong>L&rsquo;Union D\u00e9partementale des Associations Familiales<\/strong><\/p>\n<p align=\"left\">Organisme sp\u00e9cialis\u00e9 dans la gestion des probl\u00e8mes administratifs (juridique, travail, allocations, &#8230;).<\/p>\n<p align=\"left\">57 rue Bayard (Rez-de-chauss\u00e9e)<br \/>\n31000 Toulouse<\/p>\n<p align=\"left\"><strong><span style=\"color: #008000;\">05 34 41 38 13<\/span><\/strong><\/p>\n<div align=\"center\"><\/div>\n<p><span style=\"color: #000000;\">\u00a0 \u00a0 \u00a0 \u00a0 \u00a0 \u00a0 \u00a0 \u00a0 \u00a0 \u00a0 \u00a0 \u00a0 \u00a0 \u00a0 \u00a0 \u00a0 \u00a0 \u00a0 \u00a0 \u00a0 \u00a0 \u00a0 \u00a0 \u00a0 \u00a0 \u00a0 \u00a0 \u00a0 \u00a0 \u00a0 \u00a0 \u00a0 \u00a0 \u00a0 \u00a0 \u00a0 \u00a0 \u00a0 \u00a0 \u00a0 \u00a0 \u00a0 \u00a0 \u00a0 \u00a0 \u00a0 \u00a0 \u00a0 \u00a0 \u00a0 \u00a0 \u00a0 \u00a0\u00a0<\/span><\/p>\n<p><span style=\"color: #339966;\">\u00a0 \u00a0 \u00a0 \u00a0 \u00a0 \u00a0 \u00a0 \u00a0 \u00a0 \u00a0 \u00a0 \u00a0 \u00a0 \u00a0 \u00a0 \u00a0 \u00a0 \u00a0 \u00a0 \u00a0 \u00a0 \u00a0 \u00a0 \u00a0 \u00a0 \u00a0<\/span><\/p>\n","protected":false},"excerpt":{"rendered":"<p>\u00c9coute &#8211; Aide &#8211; Information &#8211; Orientation &#8211; Soutien Que vous soyez personnellement concern\u00e9(e) ou que vous soyez un proche et que vous \u00e9prouvez le besoin de vous confier, ne rester pas seul(e)s face \u00e0 la maladie, venez nous rencontrer&#8230;. <a class=\"more-link\" href=\"https:\/\/aboccitanie.fr\/?page_id=114\">Continue Reading &rarr;<\/a><\/p>\n","protected":false},"author":1,"featured_media":0,"parent":0,"menu_order":0,"comment_status":"closed","ping_status":"closed","template":"","meta":{"footnotes":""},"class_list":["post-114","page","type-page","status-publish","hentry"],"_links":{"self":[{"href":"https:\/\/aboccitanie.fr\/index.php?rest_route=\/wp\/v2\/pages\/114","targetHints":{"allow":["GET"]}}],"collection":[{"href":"https:\/\/aboccitanie.fr\/index.php?rest_route=\/wp\/v2\/pages"}],"about":[{"href":"https:\/\/aboccitanie.fr\/index.php?rest_route=\/wp\/v2\/types\/page"}],"author":[{"embeddable":true,"href":"https:\/\/aboccitanie.fr\/index.php?rest_route=\/wp\/v2\/users\/1"}],"replies":[{"embeddable":true,"href":"https:\/\/aboccitanie.fr\/index.php?rest_route=%2Fwp%2Fv2%2Fcomments&post=114"}],"version-history":[{"count":37,"href":"https:\/\/aboccitanie.fr\/index.php?rest_route=\/wp\/v2\/pages\/114\/revisions"}],"predecessor-version":[{"id":1747,"href":"https:\/\/aboccitanie.fr\/index.php?rest_route=\/wp\/v2\/pages\/114\/revisions\/1747"}],"wp:attachment":[{"href":"https:\/\/aboccitanie.fr\/index.php?rest_route=%2Fwp%2Fv2%2Fmedia&parent=114"}],"curies":[{"name":"wp","href":"https:\/\/api.w.org\/{rel}","templated":true}]}}